{"id":3284,"date":"2024-03-06T22:37:02","date_gmt":"2024-03-07T04:37:02","guid":{"rendered":"https:\/\/vitaminaspremium.com\/?post_type=product&#038;p=3284"},"modified":"2025-12-19T19:36:13","modified_gmt":"2025-12-20T01:36:13","slug":"alka-ad-60-tabletas-anti-diarreico-dispensador","status":"publish","type":"product","link":"https:\/\/vitaminaspremium.com\/index.php\/producto\/alka-ad-60-tabletas-anti-diarreico-dispensador\/","title":{"rendered":"ALKA AD 60 TABLETAS (Anti-Diarreico) Dispensador"},"content":{"rendered":"<div>\n<h3><span style=\"color: #000000;\">Contraindicaciones<\/span><\/h3>\n<p><span style=\"color: #000000;\"><em><strong>ALKA AD<\/strong><\/em> no debe ser utilizado en casos de diarrea producida por microorganismos ent\u00e9ricos y por colitis pseudomembranosa. <\/span><\/p>\n<p><span style=\"color: #000000;\">Tambi\u00e9n se debe tener precauci\u00f3n en pacientes con colitis ulcerosa y se recomienda supervisi\u00f3n m\u00e9dica en estos casos. <\/span><\/p>\n<p><span style=\"color: #000000;\">Adem\u00e1s, se debe tener precauci\u00f3n durante la lactancia.<\/span><\/p>\n<h3><span style=\"color: #000000;\">Modo de uso<\/span><\/h3>\n<p><span style=\"color: #000000;\">Se recomienda tomar una tableta de <strong><em>ALKA AD<\/em><\/strong> cada 4 a 6 horas, seg\u00fan las indicaciones del m\u00e9dico. <\/span><\/p>\n<p><span style=\"color: #000000;\">Es importante seguir las instrucciones de dosificaci\u00f3n y no exceder la dosis recomendada. <\/span><\/p>\n<p><span style=\"color: #000000;\">Las tabletas deben ser ingeridas con agua, sin masticar ni triturar.<\/span><\/p>\n<h3><span style=\"color: #000000;\">Presentaci\u00f3n<\/span><\/h3>\n<p><span style=\"color: #000000;\"><em><strong>ALKA AD<\/strong><\/em> se presenta en un dispensador de 60 tabletas. <\/span><\/p>\n<p><span style=\"color: #000000;\">Cada tableta est\u00e1 envasada individualmente para facilitar su transporte y conservaci\u00f3n. <\/span><\/p>\n<p><span style=\"color: #000000;\">El dispensador permite un f\u00e1cil acceso a las tabletas y brinda comodidad al momento de tomar el medicamento.<\/span><\/p>\n<h3><span style=\"color: #000000;\">Precios y env\u00edos<\/span><\/h3>\n<p><span style=\"color: #000000;\">Los precios de <em><strong>ALKA AD<\/strong><\/em> est\u00e1n expresados en d\u00f3lares americanos. <\/span><\/p>\n<p><span style=\"color: #000000;\">Adem\u00e1s, ofrecemos env\u00edos a Estados Unidos para que puedas recibir el producto en la comodidad de tu hogar.<br \/>\n<\/span><\/p>\n<\/div>\n","protected":false},"excerpt":{"rendered":"<h5><span style=\"color: #ff0000;\">Dispensador de 60 Tabletas<\/span><\/h5>\n<p><span style=\"color: #000000;\"><em><strong>ALKA AD<\/strong><\/em> es un antidiarreico que act\u00faa como reductor de la motilidad intestinal. <\/span><\/p>\n<p><span style=\"color: #000000;\">Cada tableta contiene Clorhidrato de loperamida, un principio activo eficaz para el tratamiento de la diarrea.<\/span><\/p>\n<h3><span style=\"color: #000000;\">Indicaciones<\/span><\/h3>\n<p><span style=\"color: #000000;\"><em><strong>ALKA AD<\/strong><\/em> est\u00e1 indicado para el tratamiento de la diarrea aguda y cr\u00f3nica asociada a la enfermedad inflamatoria del intestino. <\/span><\/p>\n<p><span style=\"color: #000000;\">Su f\u00f3rmula ayuda a controlar los s\u00edntomas de la diarrea, como la frecuencia y la consistencia de las deposiciones, proporcionando alivio y mejorando la calidad de vida del paciente.<\/span><\/p>\n","protected":false},"featured_media":3285,"comment_status":"open","ping_status":"closed","template":"","meta":{"_kad_post_transparent":"","_kad_post_title":"","_kad_post_layout":"","_kad_post_sidebar_id":"","_kad_post_content_style":"","_kad_post_vertical_padding":"","_kad_post_feature":"","_kad_post_feature_position":"","_kad_post_header":false,"_kad_post_footer":false},"product_brand":[],"product_cat":[2227,393,64],"product_tag":[395,2228,2231,2230,2229],"class_list":{"0":"post-3284","1":"product","2":"type-product","3":"status-publish","4":"has-post-thumbnail","6":"product_cat-antidiarreico","7":"product_cat-laboratorios-bayer","8":"product_cat-tabletas","9":"product_tag-alka-ad","10":"product_tag-anti-diarreico","11":"product_tag-diarrea-aguda-y-cronica","12":"product_tag-motilidad-intestinal","13":"product_tag-tratamiento-de-la-diarrea","15":"first","16":"instock","17":"shipping-taxable","18":"purchasable","19":"product-type-simple","20":"entry","21":"content-bg","22":"loop-entry"},"_links":{"self":[{"href":"https:\/\/vitaminaspremium.com\/index.php\/wp-json\/wp\/v2\/product\/3284","targetHints":{"allow":["GET"]}}],"collection":[{"href":"https:\/\/vitaminaspremium.com\/index.php\/wp-json\/wp\/v2\/product"}],"about":[{"href":"https:\/\/vitaminaspremium.com\/index.php\/wp-json\/wp\/v2\/types\/product"}],"replies":[{"embeddable":true,"href":"https:\/\/vitaminaspremium.com\/index.php\/wp-json\/wp\/v2\/comments?post=3284"}],"wp:featuredmedia":[{"embeddable":true,"href":"https:\/\/vitaminaspremium.com\/index.php\/wp-json\/wp\/v2\/media\/3285"}],"wp:attachment":[{"href":"https:\/\/vitaminaspremium.com\/index.php\/wp-json\/wp\/v2\/media?parent=3284"}],"wp:term":[{"taxonomy":"product_brand","embeddable":true,"href":"https:\/\/vitaminaspremium.com\/index.php\/wp-json\/wp\/v2\/product_brand?post=3284"},{"taxonomy":"product_cat","embeddable":true,"href":"https:\/\/vitaminaspremium.com\/index.php\/wp-json\/wp\/v2\/product_cat?post=3284"},{"taxonomy":"product_tag","embeddable":true,"href":"https:\/\/vitaminaspremium.com\/index.php\/wp-json\/wp\/v2\/product_tag?post=3284"}],"curies":[{"name":"wp","href":"https:\/\/api.w.org\/{rel}","templated":true}]}}