{"id":3328,"date":"2024-03-25T18:35:39","date_gmt":"2024-03-26T00:35:39","guid":{"rendered":"https:\/\/vitaminaspremium.com\/?post_type=product&#038;p=3328"},"modified":"2025-07-08T09:44:07","modified_gmt":"2025-07-08T15:44:07","slug":"dolofin-ar-alivia-el-dolor-sin-afectar-el-estomago","status":"publish","type":"product","link":"https:\/\/vitaminaspremium.com\/index.php\/producto\/dolofin-ar-alivia-el-dolor-sin-afectar-el-estomago\/","title":{"rendered":"Dolofin AR: alivia el dolor sin afectar el est\u00f3mago"},"content":{"rendered":"<h2><span style=\"color: #000000;\">\u00bfC\u00f3mo funciona Dolofin AR?<\/span><\/h2>\n<p><span style=\"color: #000000;\">Dolofin AR contiene meloxicam, un potente antiinflamatorio no esteroideo que act\u00faa directamente sobre el dolor y la inflamaci\u00f3n sin afectar tu est\u00f3mago. <\/span><\/p>\n<p><span style=\"color: #000000;\">Gracias a su f\u00f3rmula innovadora, podr\u00e1s decir adi\u00f3s a esos malestares sin preocuparte por los efectos secundarios gastrointestinales que suelen presentarse con otros medicamentos.<\/span><\/p>\n<h2><span style=\"color: #000000;\">Indicaciones y contraindicaciones<\/span><\/h2>\n<p><span style=\"color: #000000;\">Dolofin AR es especialmente \u00fatil en el tratamiento de enfermedades como la artritis reumatoide, la osteoartritis, el reumatismo articular, el lumbago, as\u00ed como en casos de golpes y torceduras. Sin embargo, es importante tener en cuenta algunas contraindicaciones antes de comenzar a utilizar este medicamento.<\/span><\/p>\n<p><span style=\"color: #000000;\">No se recomienda el uso de Dolofin AR en personas que presenten hipersensibilidad al medicamento, \u00falcera p\u00e9ptica activa o durante el embarazo. <\/span><\/p>\n<p><span style=\"color: #000000;\">Adem\u00e1s, es importante destacar que este medicamento no est\u00e1 indicado para ni\u00f1os menores de 12 a\u00f1os.<\/span><\/p>\n<p>&nbsp;<\/p>\n","protected":false},"excerpt":{"rendered":"<p><span style=\"color: #000000;\">\u00bfEst\u00e1s cansado de lidiar con el dolor y la inflamaci\u00f3n que te impiden disfrutar de tu d\u00eda a d\u00eda? <\/span><\/p>\n<p><span style=\"color: #000000;\">\u00a1No busques m\u00e1s! <\/span><\/p>\n<p><span style=\"color: #000000;\"><span style=\"color: #0000ff;\">Dolofin AR<\/span> es la soluci\u00f3n perfecta para combatir esos molestos dolores y mejorar tu calidad de vida.<\/span><\/p>\n<p><span style=\"color: #000000;\">Ofrecemos env\u00edos a diferentes pa\u00edses, incluyendo Estados Unidos, Puerto Rico, Canad\u00e1, M\u00e9xico y muchos otros. <\/span><\/p>\n<p><span style=\"color: #000000;\">No importa d\u00f3nde te encuentres, podr\u00e1s disfrutar de los beneficios de <span style=\"color: #0000ff;\">Dolofin AR<\/span> en la comodidad de tu hogar.<\/span><\/p>\n<p><span style=\"color: #000000;\"><span style=\"color: #ff0000;\">\u00bfQu\u00e9 est\u00e1s esperando?<\/span> <\/span><\/p>\n<p><span style=\"color: #000000;\">No dejes que el dolor y la inflamaci\u00f3n te detengan. <\/span><\/p>\n<p><span style=\"color: #000000;\">\u00a1Prueba <span style=\"color: #0000ff;\">Dolofin AR<\/span> y recupera tu bienestar!<\/span><\/p>\n<p>&nbsp;<\/p>\n","protected":false},"featured_media":3330,"comment_status":"open","ping_status":"closed","template":"","meta":{"_kad_post_transparent":"","_kad_post_title":"","_kad_post_layout":"","_kad_post_sidebar_id":"","_kad_post_content_style":"","_kad_post_vertical_padding":"","_kad_post_feature":"","_kad_post_feature_position":"","_kad_post_header":false,"_kad_post_footer":false},"product_brand":[],"product_cat":[51,433,1826,332,64,333],"product_tag":[133,2253,435,56,61],"class_list":{"0":"post-3328","1":"product","2":"type-product","3":"status-publish","4":"has-post-thumbnail","6":"product_cat-artritis","7":"product_cat-artritis-artrosis-reuma","8":"product_cat-desinflamatorio","9":"product_cat-laboratorios-lopez-2","10":"product_cat-tabletas","11":"product_cat-tabletas-recubiertas","12":"product_tag-antiinflamatorio","13":"product_tag-calidad-de-vida","14":"product_tag-dolofin-ar","15":"product_tag-dolor","16":"product_tag-inflamacion","18":"first","19":"instock","20":"shipping-taxable","21":"purchasable","22":"product-type-simple","23":"entry","24":"content-bg","25":"loop-entry"},"_links":{"self":[{"href":"https:\/\/vitaminaspremium.com\/index.php\/wp-json\/wp\/v2\/product\/3328","targetHints":{"allow":["GET"]}}],"collection":[{"href":"https:\/\/vitaminaspremium.com\/index.php\/wp-json\/wp\/v2\/product"}],"about":[{"href":"https:\/\/vitaminaspremium.com\/index.php\/wp-json\/wp\/v2\/types\/product"}],"replies":[{"embeddable":true,"href":"https:\/\/vitaminaspremium.com\/index.php\/wp-json\/wp\/v2\/comments?post=3328"}],"wp:featuredmedia":[{"embeddable":true,"href":"https:\/\/vitaminaspremium.com\/index.php\/wp-json\/wp\/v2\/media\/3330"}],"wp:attachment":[{"href":"https:\/\/vitaminaspremium.com\/index.php\/wp-json\/wp\/v2\/media?parent=3328"}],"wp:term":[{"taxonomy":"product_brand","embeddable":true,"href":"https:\/\/vitaminaspremium.com\/index.php\/wp-json\/wp\/v2\/product_brand?post=3328"},{"taxonomy":"product_cat","embeddable":true,"href":"https:\/\/vitaminaspremium.com\/index.php\/wp-json\/wp\/v2\/product_cat?post=3328"},{"taxonomy":"product_tag","embeddable":true,"href":"https:\/\/vitaminaspremium.com\/index.php\/wp-json\/wp\/v2\/product_tag?post=3328"}],"curies":[{"name":"wp","href":"https:\/\/api.w.org\/{rel}","templated":true}]}}