{"id":3339,"date":"2024-03-29T17:18:37","date_gmt":"2024-03-29T23:18:37","guid":{"rendered":"https:\/\/vitaminaspremium.com\/?post_type=product&#038;p=3339"},"modified":"2025-07-08T09:44:09","modified_gmt":"2025-07-08T15:44:09","slug":"cuerpo-amarillo-3pack-solucion-inyectable-para-mujeres-en-edad-fertil-y-amenaza-de-aborto","status":"publish","type":"product","link":"https:\/\/vitaminaspremium.com\/index.php\/producto\/cuerpo-amarillo-3pack-solucion-inyectable-para-mujeres-en-edad-fertil-y-amenaza-de-aborto\/","title":{"rendered":"Cuerpo Amarillo 3pack: Soluci\u00f3n Inyectable para Mujeres en Edad F\u00e9rtil y Amenaza de Aborto"},"content":{"rendered":"<p><span style=\"color: #000000;\">Cada unidad del Cuerpo Amarillo 3pack contiene:<\/span><\/p>\n<ul>\n<li><span style=\"color: #000000;\">1 tubo con 1 ampolla de vidrio \u00e1mbar de 2 ml.<\/span><\/li>\n<\/ul>\n<p><span style=\"color: #000000;\">El Cuerpo Amarillo 3pack se administra por v\u00eda intramuscular (IM). Es importante seguir las instrucciones de administraci\u00f3n proporcionadas por un profesional de la salud capacitado. .<\/span><\/p>\n<p><span style=\"color: #000000;\">Antes de usar este producto, aseg\u00farese de leer el prospecto y consultar a su m\u00e9dico.<\/span><\/p>\n<p><span style=\"color: #000000;\">Cuerpo Amarillo 3pack es una soluci\u00f3n inyectable que brinda apoyo hormonal a mujeres en edad f\u00e9rtil y aquellas que tienen amenaza de aborto o aborto habitual durante los primeros cuatro meses de la gestaci\u00f3n. <\/span><\/p>\n<p><span style=\"color: #000000;\">Contiene acetof\u00e9nido de dihidroxiprogesterona 50 mg y se administra por v\u00eda intramuscular. <\/span><\/p>\n<p><span style=\"color: #000000;\">Realizamos env\u00edos internacionales y nuestros precios est\u00e1n en d\u00f3lares americanos.<br \/>\n<\/span><\/p>\n","protected":false},"excerpt":{"rendered":"<p><span style=\"color: #000000;\">Cuerpo Amarillo 3pack: Contiene 3 inyecciones<br \/>\n<\/span><\/p>\n<p><span style=\"color: #000000;\">El Cuerpo Amarillo 3pack es una soluci\u00f3n inyectable especialmente formulada para mujeres en edad f\u00e9rtil y aquellas que presentan amenaza de aborto y aborto habitual durante los primeros cuatro meses de la gestaci\u00f3n. Este producto contiene progest\u00e1geno, espec\u00edficamente acetof\u00e9nido de dihidroxiprogesterona 50 mg.<\/span><\/p>\n<p><span style=\"color: #000000;\">Indicaciones<\/span><\/p>\n<p><span style=\"color: #000000;\">El Cuerpo Amarillo 3pack est\u00e1 indicado para:<\/span><\/p>\n<ul>\n<li><span style=\"color: #000000;\">Mujeres en edad f\u00e9rtil que requieren apoyo hormonal durante el embarazo.<\/span><\/li>\n<li><span style=\"color: #000000;\">Mujeres que presentan amenaza de aborto, es decir, aquellas que experimentan s\u00edntomas que ponen en riesgo la viabilidad del embarazo.<\/span><\/li>\n<li><span style=\"color: #000000;\">Mujeres que tienen un historial de aborto habitual, es decir, que han experimentado m\u00faltiples abortos durante los primeros cuatro meses de la gestaci\u00f3n.<\/span><\/li>\n<\/ul>\n<p><span style=\"color: #000000;\">Realizamos env\u00edos del Cuerpo Amarillo 3pack a diferentes pa\u00edses, incluyendo Estados Unidos, Puerto Rico, Canad\u00e1, M\u00e9xico y otros pa\u00edses. <\/span><\/p>\n<p><span style=\"color: #000000;\">Nuestros precios est\u00e1n expresados en d\u00f3lares americanos (USD).<\/span><\/p>\n","protected":false},"featured_media":3340,"comment_status":"open","ping_status":"closed","template":"","meta":{"_kad_post_transparent":"","_kad_post_title":"","_kad_post_layout":"","_kad_post_sidebar_id":"","_kad_post_content_style":"","_kad_post_vertical_padding":"","_kad_post_feature":"","_kad_post_feature_position":"","_kad_post_header":false,"_kad_post_footer":false},"product_brand":[],"product_cat":[1906,2093,2003,85,517,1176,1800,1801],"product_tag":[2256,2255,2254,900,1379],"class_list":{"0":"post-3339","1":"product","2":"type-product","3":"status-publish","4":"has-post-thumbnail","6":"product_cat-bebes","7":"product_cat-embarazadas","8":"product_cat-embarazo","9":"product_cat-inyeccion","10":"product_cat-inyectables","11":"product_cat-laboratorios-piersan","12":"product_cat-menstruacion","13":"product_cat-mujer","14":"product_tag-aborto-habitual","15":"product_tag-amenaza-de-aborto","16":"product_tag-cuerpo-amarillo-3pack","17":"product_tag-progestageno","18":"product_tag-solucion-inyectable","20":"first","21":"instock","22":"shipping-taxable","23":"purchasable","24":"product-type-simple","25":"entry","26":"content-bg","27":"loop-entry"},"_links":{"self":[{"href":"https:\/\/vitaminaspremium.com\/index.php\/wp-json\/wp\/v2\/product\/3339","targetHints":{"allow":["GET"]}}],"collection":[{"href":"https:\/\/vitaminaspremium.com\/index.php\/wp-json\/wp\/v2\/product"}],"about":[{"href":"https:\/\/vitaminaspremium.com\/index.php\/wp-json\/wp\/v2\/types\/product"}],"replies":[{"embeddable":true,"href":"https:\/\/vitaminaspremium.com\/index.php\/wp-json\/wp\/v2\/comments?post=3339"}],"wp:featuredmedia":[{"embeddable":true,"href":"https:\/\/vitaminaspremium.com\/index.php\/wp-json\/wp\/v2\/media\/3340"}],"wp:attachment":[{"href":"https:\/\/vitaminaspremium.com\/index.php\/wp-json\/wp\/v2\/media?parent=3339"}],"wp:term":[{"taxonomy":"product_brand","embeddable":true,"href":"https:\/\/vitaminaspremium.com\/index.php\/wp-json\/wp\/v2\/product_brand?post=3339"},{"taxonomy":"product_cat","embeddable":true,"href":"https:\/\/vitaminaspremium.com\/index.php\/wp-json\/wp\/v2\/product_cat?post=3339"},{"taxonomy":"product_tag","embeddable":true,"href":"https:\/\/vitaminaspremium.com\/index.php\/wp-json\/wp\/v2\/product_tag?post=3339"}],"curies":[{"name":"wp","href":"https:\/\/api.w.org\/{rel}","templated":true}]}}