{"id":3349,"date":"2024-03-31T19:18:15","date_gmt":"2024-04-01T01:18:15","guid":{"rendered":"https:\/\/vitaminaspremium.com\/?post_type=product&#038;p=3349"},"modified":"2025-07-08T09:44:09","modified_gmt":"2025-07-08T15:44:09","slug":"dolofin-flex-medicamento-para-el-alivio-de-dolores-musculares","status":"publish","type":"product","link":"https:\/\/vitaminaspremium.com\/index.php\/producto\/dolofin-flex-medicamento-para-el-alivio-de-dolores-musculares\/","title":{"rendered":"Dolofin Flex &#8211; Medicamento para el alivio de dolores musculares"},"content":{"rendered":"<p><span style=\"color: #000000;\">Este medicamento est\u00e1 contraindicado en casos de hipersensibilidad a cualquiera de sus componentes, \u00falcera p\u00e9ptica activa, insuficiencia hep\u00e1tica o renal, embarazo y lactancia. <\/span><\/p>\n<p><span style=\"color: #000000;\">Adem\u00e1s, se debe tener precauci\u00f3n al manejar maquinaria o autom\u00f3viles, ya que el producto puede producir somnolencia.<\/span><\/p>\n<p>&nbsp;<\/p>\n","protected":false},"excerpt":{"rendered":"<p><span style=\"color: #000000;\">Cada caja contiene 50 tabletas y viene con un pr\u00e1ctico dispensador de tabletas.<\/span><\/p>\n<p><span style=\"color: #000000;\">Dolofin Flex es un medicamento especialmente indicado para tratar procesos de lumbago, lumboci\u00e1ticas y todo tipo de contracturas musculares. <\/span><\/p>\n<p><span style=\"color: #000000;\">Cada tableta de Dolofin Flex contiene meloxicam 7.50mg y metocarbamol 400.00mg. <\/span><\/p>\n<p><span style=\"color: #000000;\">Se recomienda tomar 1 tableta cada 12 horas durante 3 a 5 d\u00edas. <\/span><\/p>\n<p><span style=\"color: #000000;\">No se debe exceder la dosis de 2 tabletas al d\u00eda.<\/span><\/p>\n<p><span style=\"color: #000000;\">Dolofin Flex est\u00e1 especialmente indicado para tratar procesos de lumbago, lumboci\u00e1ticas y contracturas musculares causadas por ejercicio f\u00edsico, golpes, torceduras, tort\u00edcolis aguda, espasmos musculares, dolores neur\u00edticos y vaso-motores, bursitis, tensiones musculares y dolores provocados por estr\u00e9s o \u00abaires\u00bb.<\/span><\/p>\n<p><span style=\"color: #000000;\">Ofrecemos env\u00edos a Estados Unidos, Puerto Rico, Canad\u00e1, M\u00e9xico y otros pa\u00edses. <\/span><\/p>\n<p><span style=\"color: #000000;\">Nuestros precios est\u00e1n en d\u00f3lares americanos para mayor comodidad de nuestros clientes.<\/span><\/p>\n<p><span style=\"color: #000000;\">No dudes en adquirir Dolofin Flex para aliviar tus dolores musculares y disfrutar de una vida m\u00e1s activa y sin molestias. <\/span><\/p>\n<p><span style=\"color: #000000;\">\u00a1Ordena tu caja de 50 tabletas hoy mismo!<\/span><\/p>\n","protected":false},"featured_media":3351,"comment_status":"open","ping_status":"closed","template":"","meta":{"_kad_post_transparent":"","_kad_post_title":"","_kad_post_layout":"","_kad_post_sidebar_id":"","_kad_post_content_style":"","_kad_post_vertical_padding":"","_kad_post_feature":"","_kad_post_feature_position":"","_kad_post_header":false,"_kad_post_footer":false},"product_brand":[],"product_cat":[1826,2098,2174,2152,332,174,434,64],"product_tag":[2261,2263,437,481,2262],"class_list":{"0":"post-3349","1":"product","2":"type-product","3":"status-publish","4":"has-post-thumbnail","6":"product_cat-desinflamatorio","7":"product_cat-dolor-luxaciones","8":"product_cat-dolor-severo","9":"product_cat-espasmo","10":"product_cat-laboratorios-lopez-2","11":"product_cat-medicamentos","12":"product_cat-pastillas","13":"product_cat-tabletas","14":"product_tag-caja-de-50-tabletas","15":"product_tag-contracturas-musculares","16":"product_tag-dolofin-flex","17":"product_tag-lumbago","18":"product_tag-tratamiento-de-dolores-musculares","20":"first","21":"instock","22":"shipping-taxable","23":"purchasable","24":"product-type-simple","25":"entry","26":"content-bg","27":"loop-entry"},"_links":{"self":[{"href":"https:\/\/vitaminaspremium.com\/index.php\/wp-json\/wp\/v2\/product\/3349","targetHints":{"allow":["GET"]}}],"collection":[{"href":"https:\/\/vitaminaspremium.com\/index.php\/wp-json\/wp\/v2\/product"}],"about":[{"href":"https:\/\/vitaminaspremium.com\/index.php\/wp-json\/wp\/v2\/types\/product"}],"replies":[{"embeddable":true,"href":"https:\/\/vitaminaspremium.com\/index.php\/wp-json\/wp\/v2\/comments?post=3349"}],"wp:featuredmedia":[{"embeddable":true,"href":"https:\/\/vitaminaspremium.com\/index.php\/wp-json\/wp\/v2\/media\/3351"}],"wp:attachment":[{"href":"https:\/\/vitaminaspremium.com\/index.php\/wp-json\/wp\/v2\/media?parent=3349"}],"wp:term":[{"taxonomy":"product_brand","embeddable":true,"href":"https:\/\/vitaminaspremium.com\/index.php\/wp-json\/wp\/v2\/product_brand?post=3349"},{"taxonomy":"product_cat","embeddable":true,"href":"https:\/\/vitaminaspremium.com\/index.php\/wp-json\/wp\/v2\/product_cat?post=3349"},{"taxonomy":"product_tag","embeddable":true,"href":"https:\/\/vitaminaspremium.com\/index.php\/wp-json\/wp\/v2\/product_tag?post=3349"}],"curies":[{"name":"wp","href":"https:\/\/api.w.org\/{rel}","templated":true}]}}