{"id":3358,"date":"2024-04-01T20:36:44","date_gmt":"2024-04-02T02:36:44","guid":{"rendered":"https:\/\/vitaminaspremium.com\/?post_type=product&#038;p=3358"},"modified":"2025-07-08T09:44:09","modified_gmt":"2025-07-08T15:44:09","slug":"dexa-doceplex-inyectable-tratamiento-para-procesos-inflamatorios-agudos-a-nivel-musculo-nervioso-y-articular","status":"publish","type":"product","link":"https:\/\/vitaminaspremium.com\/index.php\/producto\/dexa-doceplex-inyectable-tratamiento-para-procesos-inflamatorios-agudos-a-nivel-musculo-nervioso-y-articular\/","title":{"rendered":"Dexa-Doceplex Inyectable: Tratamiento para procesos inflamatorios agudos a nivel m\u00fasculo-nervioso y articular"},"content":{"rendered":"<p><span style=\"color: #000000;\">Salvo prescripci\u00f3n m\u00e9dica, se recomienda seguir las siguientes indicaciones:<\/span><\/p>\n<ul>\n<li><span style=\"color: #000000;\">Mezclar el contenido de ambas ampollas en la jeringa.<\/span><\/li>\n<li><span style=\"color: #000000;\">Administrar por v\u00eda intramuscular.<\/span><\/li>\n<li><span style=\"color: #000000;\">Administrar una ampolla de Dexa-Doceplex una vez al d\u00eda.<\/span><\/li>\n<li><span style=\"color: #000000;\">Generalmente, son suficientes tres a cinco ampollas de Dexa-Doceplex en todo el tratamiento.<\/span><\/li>\n<\/ul>\n<p><span style=\"color: #000000;\">Dexa-Doceplex Inyectable est\u00e1 contraindicado en los siguientes casos:<\/span><\/p>\n<ul>\n<li><span style=\"color: #000000;\">Infecciones virales o bacterianas.<\/span><\/li>\n<li><span style=\"color: #000000;\">\u00dalcera g\u00e1strica y duodenal.<\/span><\/li>\n<li><span style=\"color: #000000;\">Hipertensi\u00f3n.<\/span><\/li>\n<li><span style=\"color: #000000;\">Diabetes.<\/span><\/li>\n<li><span style=\"color: #000000;\">Insuficiencia card\u00edaca.<\/span><\/li>\n<li><span style=\"color: #000000;\">Hipersensibilidad a alg\u00fan componente de la f\u00f3rmula.<\/span><\/li>\n<\/ul>\n<p><span style=\"color: #000000;\">Dexa-Doceplex Inyectable 3 Pack viene en una caja con estuche de seguridad que contiene:<\/span><\/p>\n<ul>\n<li><span style=\"color: #000000;\">Ampolla de 1 ml.<\/span><\/li>\n<li><span style=\"color: #000000;\">Ampolla de 2 ml (para mezclarse en el momento de su uso).<\/span><\/li>\n<li><span style=\"color: #000000;\">Jeringa desechable.<\/span><\/li>\n<li><span style=\"color: #000000;\">Algod\u00f3n con alcohol.<\/span><\/li>\n<\/ul>\n<p><span style=\"color: #000000;\">El precio del tripack (3 inyecciones) se encuentra en d\u00f3lares americanos.<\/span><\/p>\n<p><span style=\"color: #000000;\">Conf\u00ede en nuestra experiencia y calidad para el tratamiento de sus procesos inflamatorios agudos a nivel m\u00fasculo-nervioso y articular. Consulte a su m\u00e9dico para obtener m\u00e1s informaci\u00f3n y asesoramiento personalizado sobre el uso de Dexa-Doceplex Inyectable.<\/span><\/p>\n","protected":false},"excerpt":{"rendered":"<p><span style=\"color: #000000;\">Dexa-Doceplex Inyectable 3 Pack es un medicamento recomendado para el tratamiento de procesos inflamatorios agudos a nivel m\u00fasculo-nervioso y articular. <\/span><\/p>\n<p><span style=\"color: #000000;\">Contiene una combinaci\u00f3n de ingredientes activos que ayudan a aliviar los s\u00edntomas y promover la recuperaci\u00f3n.<\/span><\/p>\n<p><span style=\"color: #000000;\">Realizamos env\u00edos a Estados Unidos, Puerto Rico, Canad\u00e1, M\u00e9xico y otros pa\u00edses. <\/span><\/p>\n<p><span style=\"color: #000000;\">Puede adquirir el Dexa-Doceplex Inyectable 3 Pack y recibirlo en la comodidad de su hogar.<\/span><\/p>\n","protected":false},"featured_media":3360,"comment_status":"open","ping_status":"closed","template":"","meta":{"_kad_post_transparent":"","_kad_post_title":"","_kad_post_layout":"","_kad_post_sidebar_id":"","_kad_post_content_style":"","_kad_post_vertical_padding":"","_kad_post_feature":"","_kad_post_feature_position":"","_kad_post_header":false,"_kad_post_footer":false},"product_brand":[],"product_cat":[520,51,433,2174,85,517,242,252,307],"product_tag":[2272,2269,88,2271,2270],"class_list":{"0":"post-3358","1":"product","2":"type-product","3":"status-publish","4":"has-post-thumbnail","6":"product_cat-ampolla-intramuscular","7":"product_cat-artritis","8":"product_cat-artritis-artrosis-reuma","9":"product_cat-dolor-severo","10":"product_cat-inyeccion","11":"product_cat-inyectables","12":"product_cat-laboratorios-vijosa","13":"product_cat-medicamento-para-el-dolor","14":"product_cat-todo-dolor-y-vitaminas","15":"product_tag-ampollas","16":"product_tag-dexa-doceplex-inyectable","17":"product_tag-inyecciones","18":"product_tag-procesos-musculo-nerviosos","19":"product_tag-tratamiento-inflamatorio","21":"first","22":"instock","23":"shipping-taxable","24":"purchasable","25":"product-type-simple","26":"entry","27":"content-bg","28":"loop-entry"},"_links":{"self":[{"href":"https:\/\/vitaminaspremium.com\/index.php\/wp-json\/wp\/v2\/product\/3358","targetHints":{"allow":["GET"]}}],"collection":[{"href":"https:\/\/vitaminaspremium.com\/index.php\/wp-json\/wp\/v2\/product"}],"about":[{"href":"https:\/\/vitaminaspremium.com\/index.php\/wp-json\/wp\/v2\/types\/product"}],"replies":[{"embeddable":true,"href":"https:\/\/vitaminaspremium.com\/index.php\/wp-json\/wp\/v2\/comments?post=3358"}],"wp:featuredmedia":[{"embeddable":true,"href":"https:\/\/vitaminaspremium.com\/index.php\/wp-json\/wp\/v2\/media\/3360"}],"wp:attachment":[{"href":"https:\/\/vitaminaspremium.com\/index.php\/wp-json\/wp\/v2\/media?parent=3358"}],"wp:term":[{"taxonomy":"product_brand","embeddable":true,"href":"https:\/\/vitaminaspremium.com\/index.php\/wp-json\/wp\/v2\/product_brand?post=3358"},{"taxonomy":"product_cat","embeddable":true,"href":"https:\/\/vitaminaspremium.com\/index.php\/wp-json\/wp\/v2\/product_cat?post=3358"},{"taxonomy":"product_tag","embeddable":true,"href":"https:\/\/vitaminaspremium.com\/index.php\/wp-json\/wp\/v2\/product_tag?post=3358"}],"curies":[{"name":"wp","href":"https:\/\/api.w.org\/{rel}","templated":true}]}}