{"id":3367,"date":"2024-04-02T18:38:55","date_gmt":"2024-04-03T00:38:55","guid":{"rendered":"https:\/\/vitaminaspremium.com\/?post_type=product&#038;p=3367"},"modified":"2025-07-08T09:44:09","modified_gmt":"2025-07-08T15:44:09","slug":"dolo-doceplex-d-inyeccion-precio-tripack-solucion-efectiva-para-el-dolor-y-la-inflamacion","status":"publish","type":"product","link":"https:\/\/vitaminaspremium.com\/index.php\/producto\/dolo-doceplex-d-inyeccion-precio-tripack-solucion-efectiva-para-el-dolor-y-la-inflamacion\/","title":{"rendered":"Dolo Doceplex &#8211; D Inyecci\u00f3n Precio Tripack: Soluci\u00f3n efectiva para el dolor y la inflamaci\u00f3n"},"content":{"rendered":"<p><span style=\"color: #000000;\">Dolo Doceplex &#8211; D viene en una caja con estuche de seguridad que contiene:<\/span><\/p>\n<ul>\n<li><span style=\"color: #000000;\">Soluci\u00f3n inyectable (ampolla de 1 ml o 2 ml)<\/span><\/li>\n<li><span style=\"color: #000000;\">Jeringa desechable<\/span><\/li>\n<li><span style=\"color: #000000;\">Algod\u00f3n con alcohol<\/span><\/li>\n<\/ul>\n<h4><span style=\"color: #000000;\">Dosis y V\u00eda de Administraci\u00f3n<\/span><\/h4>\n<p><span style=\"color: #000000;\">Para obtener los mejores resultados, se recomienda combinar el contenido de ambas ampollas antes de su uso en una sola jeringa. <\/span><\/p>\n<p><span style=\"color: #000000;\">La soluci\u00f3n inyectable adquirir\u00e1 una coloraci\u00f3n lechosa, la cual desaparecer\u00e1 inmediatamente al agitar la jeringa.<\/span><\/p>\n<p><span style=\"color: #000000;\">Se debe administrar Dolo Doceplex &#8211; D una vez al d\u00eda, durante 5 d\u00edas consecutivos. <\/span><\/p>\n<p><span style=\"color: #000000;\">La dosis y la v\u00eda de administraci\u00f3n deben ser determinadas por un profesional de la salud.<\/span><\/p>\n<h4><span style=\"color: #000000;\">Contraindicaciones<\/span><\/h4>\n<p><span style=\"color: #000000;\">Es importante tener en cuenta las siguientes contraindicaciones antes de utilizar Dolo Doceplex &#8211; D:<\/span><\/p>\n<ul>\n<li><span style=\"color: #000000;\">Hipersensibilidad a cualquiera de los componentes del producto<\/span><\/li>\n<li><span style=\"color: #000000;\">Ni\u00f1os menores de 12 a\u00f1os<\/span><\/li>\n<li><span style=\"color: #000000;\">Trastornos hematopoy\u00e9ticos no aclarados<\/span><\/li>\n<\/ul>\n<p>&nbsp;<\/p>\n","protected":false},"excerpt":{"rendered":"<h4><strong><span style=\"color: #ff0000;\">Dolo Doceplex &#8211; D Inyecci\u00f3n Precio Tripack<\/span><\/strong><\/h4>\n<p><span style=\"color: #000000;\">Si est\u00e1s buscando una soluci\u00f3n efectiva para el dolor y la inflamaci\u00f3n causados por alteraciones en el sistema nervioso muscular, dolores oculares, reum\u00e1ticos, musculosquel\u00e9ticos y postraum\u00e1ticos, <\/span><\/p>\n<p><span style=\"color: #000000;\">\u00a1no busques m\u00e1s! <\/span><\/p>\n<p><span style=\"color: #000000;\">Dolo Doceplex &#8211; D es la respuesta que estabas esperando.<\/span><\/p>\n<p><span style=\"color: #000000;\">Dolo Doceplex &#8211; D est\u00e1 especialmente formulado para tratar una amplia gama de condiciones dolorosas y inflamatorias. <\/span><\/p>\n<p><span style=\"color: #000000;\">Puede ser utilizado para aliviar la inflamaci\u00f3n y el dolor causados por:<\/span><\/p>\n<ul>\n<li><span style=\"color: #000000;\">Neuritis<\/span><\/li>\n<li><span style=\"color: #000000;\">Neuralgias<\/span><\/li>\n<li><span style=\"color: #000000;\">S\u00edndrome cervical<\/span><\/li>\n<li><span style=\"color: #000000;\">Lumbago<\/span><\/li>\n<li><span style=\"color: #000000;\">Ci\u00e1tica<\/span><\/li>\n<li><span style=\"color: #000000;\">Par\u00e1lisis facial<\/span><\/li>\n<li><span style=\"color: #000000;\">Herpes z\u00f3ster<\/span><\/li>\n<li><span style=\"color: #000000;\">Traumatismos diversos<\/span><\/li>\n<li><span style=\"color: #000000;\">Lesiones dolorosas de la columna vertebral<\/span><\/li>\n<li><span style=\"color: #000000;\">Ataque agudo de gota<\/span><\/li>\n<li><span style=\"color: #000000;\">Luxaciones<\/span><\/li>\n<li><span style=\"color: #000000;\">Fracturas y esguinces<\/span><\/li>\n<li><span style=\"color: #000000;\">Dolores m\u00fasculonerviosos en hombros y brazos<\/span><\/li>\n<\/ul>\n<p><span style=\"color: #000000;\">Enviamos nuestros productos a Estados Unidos, Puerto Rico, Canad\u00e1, M\u00e9xico y otros pa\u00edses. <\/span><\/p>\n<p><span style=\"color: #000000;\">Todos los precios est\u00e1n en d\u00f3lares americanos.<\/span><\/p>\n","protected":false},"featured_media":3368,"comment_status":"open","ping_status":"closed","template":"","meta":{"_kad_post_transparent":"","_kad_post_title":"","_kad_post_layout":"","_kad_post_sidebar_id":"","_kad_post_content_style":"","_kad_post_vertical_padding":"","_kad_post_feature":"","_kad_post_feature_position":"","_kad_post_header":false,"_kad_post_footer":false},"product_brand":[],"product_cat":[51,433,1826,85,517,242,307],"product_tag":[133,2277,640,2278,2242],"class_list":{"0":"post-3367","1":"product","2":"type-product","3":"status-publish","4":"has-post-thumbnail","6":"product_cat-artritis","7":"product_cat-artritis-artrosis-reuma","8":"product_cat-desinflamatorio","9":"product_cat-inyeccion","10":"product_cat-inyectables","11":"product_cat-laboratorios-vijosa","12":"product_cat-todo-dolor-y-vitaminas","13":"product_tag-antiinflamatorio","14":"product_tag-d-inyeccion","15":"product_tag-dolo-doceplex-d","16":"product_tag-precio-tripack","17":"product_tag-tratamiento-del-dolor","19":"first","20":"instock","21":"shipping-taxable","22":"purchasable","23":"product-type-simple","24":"entry","25":"content-bg","26":"loop-entry"},"_links":{"self":[{"href":"https:\/\/vitaminaspremium.com\/index.php\/wp-json\/wp\/v2\/product\/3367","targetHints":{"allow":["GET"]}}],"collection":[{"href":"https:\/\/vitaminaspremium.com\/index.php\/wp-json\/wp\/v2\/product"}],"about":[{"href":"https:\/\/vitaminaspremium.com\/index.php\/wp-json\/wp\/v2\/types\/product"}],"replies":[{"embeddable":true,"href":"https:\/\/vitaminaspremium.com\/index.php\/wp-json\/wp\/v2\/comments?post=3367"}],"wp:featuredmedia":[{"embeddable":true,"href":"https:\/\/vitaminaspremium.com\/index.php\/wp-json\/wp\/v2\/media\/3368"}],"wp:attachment":[{"href":"https:\/\/vitaminaspremium.com\/index.php\/wp-json\/wp\/v2\/media?parent=3367"}],"wp:term":[{"taxonomy":"product_brand","embeddable":true,"href":"https:\/\/vitaminaspremium.com\/index.php\/wp-json\/wp\/v2\/product_brand?post=3367"},{"taxonomy":"product_cat","embeddable":true,"href":"https:\/\/vitaminaspremium.com\/index.php\/wp-json\/wp\/v2\/product_cat?post=3367"},{"taxonomy":"product_tag","embeddable":true,"href":"https:\/\/vitaminaspremium.com\/index.php\/wp-json\/wp\/v2\/product_tag?post=3367"}],"curies":[{"name":"wp","href":"https:\/\/api.w.org\/{rel}","templated":true}]}}