{"id":3377,"date":"2024-04-04T18:22:15","date_gmt":"2024-04-05T00:22:15","guid":{"rendered":"https:\/\/vitaminaspremium.com\/?post_type=product&#038;p=3377"},"modified":"2025-07-08T09:44:09","modified_gmt":"2025-07-08T15:44:09","slug":"dile-adios-al-estres-con-ultraestres-vitaminado-25000-3pack","status":"publish","type":"product","link":"https:\/\/vitaminaspremium.com\/index.php\/producto\/dile-adios-al-estres-con-ultraestres-vitaminado-25000-3pack\/","title":{"rendered":"\u00a1Dile adi\u00f3s al estr\u00e9s con Ultraestres Vitaminado 25,000 (3pack)!"},"content":{"rendered":"<p><span style=\"color: #000000;\"><strong>La dosis y el tiempo de tratamiento adecuados para ti<\/strong><\/span><\/p>\n<p><span style=\"color: #000000;\">La dosis y el tiempo de tratamiento de Ultraestres Vitaminado 25,000 quedan a juicio del m\u00e9dico. <\/span><\/p>\n<p><span style=\"color: #000000;\">Sin embargo, por lo general, se recomienda aplicar una ampolla intramuscular profunda cada 2 o 3 d\u00edas durante una semana, y luego una ampolla cada semana durante un mes. <\/span><\/p>\n<p><span style=\"color: #000000;\">Es importante seguir las indicaciones de tu m\u00e9dico para obtener los mejores resultados.<\/span><\/p>\n<p><span style=\"color: #000000;\">Es importante destacar que Ultraestres Vitaminado 25,000 se administra por v\u00eda intramuscular, lo que garantiza una absorci\u00f3n r\u00e1pida y efectiva de sus poderosos ingredientes en tu organismo.<\/span><\/p>\n<p><span style=\"color: #000000;\"><strong>Contraindicaciones y advertencias<\/strong><\/span><\/p>\n<p><span style=\"color: #000000;\">Antes de comenzar cualquier tratamiento, es crucial tener en cuenta las contraindicaciones y advertencias. <\/span><\/p>\n<p><span style=\"color: #000000;\">Si tienes alergia a alg\u00fan componente de la f\u00f3rmula, es importante que consultes a tu m\u00e9dico antes de utilizar Ultraestres Vitaminado 25,000. <\/span><\/p>\n<p><span style=\"color: #000000;\">Adem\u00e1s, ten en cuenta que la vitamina B6 en dosis elevada puede debilitar la acci\u00f3n de la L-dopa en pacientes con la enfermedad de Parkinson.<\/span><\/p>\n<p><span style=\"color: #000000;\">Enviamos nuestros productos a Estados Unidos, Canad\u00e1, M\u00e9xico, Puerto Rico y otros pa\u00edses. <\/span><\/p>\n<p><span style=\"color: #000000;\">Los precios est\u00e1n expresados en d\u00f3lares americanos, para que puedas disfrutar de los beneficios de Ultraestres Vitaminado 25,000 sin importar d\u00f3nde te encuentres.<\/span><\/p>\n","protected":false},"excerpt":{"rendered":"<p><span style=\"color: #000000;\">\u00bfEst\u00e1s buscando una soluci\u00f3n efectiva para combatir el estr\u00e9s y el agotamiento nervioso? <\/span><\/p>\n<p><span style=\"color: #000000;\">\u00a1No busques m\u00e1s! <\/span><\/p>\n<p><span style=\"color: #000000;\">Nuestro pack de 3 inyecciones de Ultraestres Vitaminado 25,000 es justo lo que necesitas. <\/span><\/p>\n<p><span style=\"color: #000000;\">Con una combinaci\u00f3n adecuada de vitaminas neurotropas en dosis elevada, este tratamiento es perfecto para tratar una amplia gama de alteraciones nerviosas.<\/span><\/p>\n<p><span style=\"color: #000000;\">Ultraestres Vitaminado 25,000 es un desintoxicante eficaz de la c\u00e9lula nerviosa. <\/span><\/p>\n<p><span style=\"color: #000000;\">Sus potentes ingredientes ayudan a restaurar y revitalizar tus c\u00e9lulas nerviosas, proporcionando un alivio instant\u00e1neo a los s\u00edntomas de estr\u00e9s, agotamiento nervioso, fatiga f\u00edsica y mental, adormecimiento y hormigueo en el cuerpo, ansiedad, preocupaci\u00f3n, depresi\u00f3n, ci\u00e1tica, calambres, dolor de cabeza de origen nervioso, par\u00e1lisis facial, herpes zoster, insomnio, debilidad, nerviosismo, desgano y dolor de nuca o espalda debido a preocupaci\u00f3n y tensi\u00f3n emocional.<\/span><\/p>\n<p><span style=\"color: #000000;\">No dejes que el estr\u00e9s y las alteraciones nerviosas te controlen. <\/span><\/p>\n<p><span style=\"color: #000000;\">\u00a1Prueba Ultraestres Vitaminado 25,000 y recupera tu bienestar hoy mismo!<\/span><\/p>\n<p>&nbsp;<\/p>\n","protected":false},"featured_media":3379,"comment_status":"open","ping_status":"closed","template":"","meta":{"_kad_post_transparent":"","_kad_post_title":"","_kad_post_layout":"","_kad_post_sidebar_id":"","_kad_post_content_style":"","_kad_post_vertical_padding":"","_kad_post_feature":"","_kad_post_feature_position":"","_kad_post_header":false,"_kad_post_footer":false},"product_brand":[],"product_cat":[1897,85,517,251,307,130,245],"product_tag":[286,2283,2282,292,132],"class_list":{"0":"post-3377","1":"product","2":"type-product","3":"status-publish","4":"has-post-thumbnail","6":"product_cat-antiestres","7":"product_cat-inyeccion","8":"product_cat-inyectables","9":"product_cat-laboratorios-biokemical","10":"product_cat-todo-dolor-y-vitaminas","11":"product_cat-vitaminas-neurotropas","12":"product_cat-vitaminas-y-suplementos","13":"product_tag-agotamiento-nervioso","14":"product_tag-celula-nerviosa","15":"product_tag-desintoxicante","16":"product_tag-estres","17":"product_tag-vitaminas-neurotropas","19":"first","20":"instock","21":"shipping-taxable","22":"purchasable","23":"product-type-simple","24":"entry","25":"content-bg","26":"loop-entry"},"_links":{"self":[{"href":"https:\/\/vitaminaspremium.com\/index.php\/wp-json\/wp\/v2\/product\/3377","targetHints":{"allow":["GET"]}}],"collection":[{"href":"https:\/\/vitaminaspremium.com\/index.php\/wp-json\/wp\/v2\/product"}],"about":[{"href":"https:\/\/vitaminaspremium.com\/index.php\/wp-json\/wp\/v2\/types\/product"}],"replies":[{"embeddable":true,"href":"https:\/\/vitaminaspremium.com\/index.php\/wp-json\/wp\/v2\/comments?post=3377"}],"wp:featuredmedia":[{"embeddable":true,"href":"https:\/\/vitaminaspremium.com\/index.php\/wp-json\/wp\/v2\/media\/3379"}],"wp:attachment":[{"href":"https:\/\/vitaminaspremium.com\/index.php\/wp-json\/wp\/v2\/media?parent=3377"}],"wp:term":[{"taxonomy":"product_brand","embeddable":true,"href":"https:\/\/vitaminaspremium.com\/index.php\/wp-json\/wp\/v2\/product_brand?post=3377"},{"taxonomy":"product_cat","embeddable":true,"href":"https:\/\/vitaminaspremium.com\/index.php\/wp-json\/wp\/v2\/product_cat?post=3377"},{"taxonomy":"product_tag","embeddable":true,"href":"https:\/\/vitaminaspremium.com\/index.php\/wp-json\/wp\/v2\/product_tag?post=3377"}],"curies":[{"name":"wp","href":"https:\/\/api.w.org\/{rel}","templated":true}]}}