{"id":3381,"date":"2024-04-04T19:06:34","date_gmt":"2024-04-05T01:06:34","guid":{"rendered":"https:\/\/vitaminaspremium.com\/?post_type=product&#038;p=3381"},"modified":"2025-07-08T09:44:10","modified_gmt":"2025-07-08T15:44:10","slug":"sudagrip-antigripal-inyectable-im-ampolla-3-pack","status":"publish","type":"product","link":"https:\/\/vitaminaspremium.com\/index.php\/producto\/sudagrip-antigripal-inyectable-im-ampolla-3-pack\/","title":{"rendered":"Sudagrip Antigripal Inyectable IM Ampolla 3 Pack"},"content":{"rendered":"<p><span style=\"color: #000000;\">Cada ampolla de Sudagrip Antigripal Inyectable contiene los siguientes componentes:<\/span><\/p>\n<ul>\n<li><span style=\"color: #000000;\">Maleato de clorfeniramina 8.00mg<\/span><\/li>\n<li><span style=\"color: #000000;\">Metamizol 1.00gr<\/span><\/li>\n<li><span style=\"color: #000000;\">Abob 500.00mg<\/span><\/li>\n<li><span style=\"color: #000000;\">Fenilefrina HCL 3.00mg<\/span><\/li>\n<\/ul>\n<p><span style=\"color: #000000;\">El Sudagrip Antigripal Inyectable IM Ampolla 3 Pack est\u00e1 contraindicado en los siguientes casos:<\/span><\/p>\n<ul>\n<li><span style=\"color: #000000;\">Si presenta alergia a alguno de los componentes del medicamento.<\/span><\/li>\n<li><span style=\"color: #000000;\">Si tiene antecedentes de hipersensibilidad a medicamentos similares.<\/span><\/li>\n<li><span style=\"color: #000000;\">Si est\u00e1 tomando medicamentos que puedan interactuar negativamente con el Sudagrip Antigripal Inyectable.<\/span><\/li>\n<li><span style=\"color: #000000;\">Si tiene enfermedades cardiovasculares graves.<\/span><\/li>\n<li><span style=\"color: #000000;\">Si tiene enfermedades hep\u00e1ticas o renales graves.<\/span><\/li>\n<\/ul>\n<p>&nbsp;<\/p>\n","protected":false},"excerpt":{"rendered":"<p><span style=\"color: #000000;\">Sudagrip Antigripal Inyectable IM Ampolla <strong>3 Pack<\/strong> es un medicamento antiviral utilizado para tratar estados gripales severos acompa\u00f1ados de fiebre y rinitis severa, as\u00ed como enfermedades causadas por virus que afectan las v\u00edas respiratorias superiores.<\/span><\/p>\n<p><em><strong><span style=\"color: #000000;\">Sudagrip Antigripal Inyectable IM Ampolla 3 Pack est\u00e1 indicado para:<\/span><\/strong><\/em><\/p>\n<ul>\n<li><span style=\"color: #000000;\">Tratar estados gripales severos acompa\u00f1ados de fiebre y rinitis severa.<\/span><\/li>\n<li><span style=\"color: #000000;\">Tratar enfermedades causadas por virus que atacan las v\u00edas respiratorias superiores.<\/span><\/li>\n<\/ul>\n<p><em><strong><span style=\"color: #000000;\">Este medicamento tiene las siguientes propiedades:<\/span><\/strong><\/em><\/p>\n<ul>\n<li><span style=\"color: #000000;\">Suprime el dolor<\/span><\/li>\n<li><span style=\"color: #000000;\">Baja la fiebre<\/span><\/li>\n<li><span style=\"color: #000000;\">Disminuye la congesti\u00f3n nasal<\/span><\/li>\n<li><span style=\"color: #000000;\">Tiene efecto antihistam\u00ednico<\/span><\/li>\n<\/ul>\n<p><span style=\"color: #000000;\">Realizamos env\u00edos a Estados Unidos, Puerto Rico, Canad\u00e1, M\u00e9xico y otros pa\u00edses. <\/span><\/p>\n<p><span style=\"color: #000000;\">Los precios de Sudagrip Antigripal Inyectable 3 Pack se encuentran en d\u00f3lares americanos.<\/span><\/p>\n","protected":false},"featured_media":3382,"comment_status":"open","ping_status":"closed","template":"","meta":{"_kad_post_transparent":"","_kad_post_title":"","_kad_post_layout":"","_kad_post_sidebar_id":"","_kad_post_content_style":"","_kad_post_vertical_padding":"","_kad_post_feature":"","_kad_post_feature_position":"","_kad_post_header":false,"_kad_post_footer":false},"product_brand":[],"product_cat":[520,2276,194,716,181],"product_tag":[2286,2285,2284,2287,2288],"class_list":{"0":"post-3381","1":"product","2":"type-product","3":"status-publish","4":"has-post-thumbnail","6":"product_cat-ampolla-intramuscular","7":"product_cat-antigripal","8":"product_cat-laboratorios-paill","9":"product_cat-resfriado-y-tos","10":"product_cat-salud","11":"product_tag-estados-gripales-severos","12":"product_tag-medicamento-antiviral","13":"product_tag-sudagrip-antigripal-inyectable-im-ampolla-3-pack","14":"product_tag-tratamiento-de-fiebre","15":"product_tag-tratamiento-de-rinitis-severa","17":"first","18":"instock","19":"shipping-taxable","20":"purchasable","21":"product-type-simple","22":"entry","23":"content-bg","24":"loop-entry"},"_links":{"self":[{"href":"https:\/\/vitaminaspremium.com\/index.php\/wp-json\/wp\/v2\/product\/3381","targetHints":{"allow":["GET"]}}],"collection":[{"href":"https:\/\/vitaminaspremium.com\/index.php\/wp-json\/wp\/v2\/product"}],"about":[{"href":"https:\/\/vitaminaspremium.com\/index.php\/wp-json\/wp\/v2\/types\/product"}],"replies":[{"embeddable":true,"href":"https:\/\/vitaminaspremium.com\/index.php\/wp-json\/wp\/v2\/comments?post=3381"}],"wp:featuredmedia":[{"embeddable":true,"href":"https:\/\/vitaminaspremium.com\/index.php\/wp-json\/wp\/v2\/media\/3382"}],"wp:attachment":[{"href":"https:\/\/vitaminaspremium.com\/index.php\/wp-json\/wp\/v2\/media?parent=3381"}],"wp:term":[{"taxonomy":"product_brand","embeddable":true,"href":"https:\/\/vitaminaspremium.com\/index.php\/wp-json\/wp\/v2\/product_brand?post=3381"},{"taxonomy":"product_cat","embeddable":true,"href":"https:\/\/vitaminaspremium.com\/index.php\/wp-json\/wp\/v2\/product_cat?post=3381"},{"taxonomy":"product_tag","embeddable":true,"href":"https:\/\/vitaminaspremium.com\/index.php\/wp-json\/wp\/v2\/product_tag?post=3381"}],"curies":[{"name":"wp","href":"https:\/\/api.w.org\/{rel}","templated":true}]}}