{"id":3423,"date":"2024-04-18T18:55:27","date_gmt":"2024-04-19T00:55:27","guid":{"rendered":"https:\/\/vitaminaspremium.com\/?post_type=product&#038;p=3423"},"modified":"2025-07-08T09:44:11","modified_gmt":"2025-07-08T15:44:11","slug":"ultra-doceplex-bebible-el-impulso-que-necesitas","status":"publish","type":"product","link":"https:\/\/vitaminaspremium.com\/index.php\/producto\/ultra-doceplex-bebible-el-impulso-que-necesitas\/","title":{"rendered":"Ultra Doceplex Bebible &#8211; \u00a1El impulso que necesitas!"},"content":{"rendered":"<p><span style=\"color: #000000;\">Ultra Doceplex contiene una combinaci\u00f3n de vitaminas neurotropas que potenciar\u00e1n tus facultades intelectuales. <\/span><\/p>\n<p><span style=\"color: #000000;\">Estas vitaminas son esenciales para el correcto funcionamiento del sistema nervioso y te ayudar\u00e1n a combatir el agotamiento mental, mejorar tu memoria y aumentar tu capacidad de concentraci\u00f3n.<\/span><\/p>\n<p><span style=\"color: #000000;\">Adem\u00e1s, Ultra Doceplex tambi\u00e9n es un aliado para el sistema nervioso en casos de neuralgias, neuritis, dolores lumbares, par\u00e1lisis facial, herpes zoster y alcoholismo.<\/span><\/p>\n<p><span style=\"color: #000000;\"><em><strong>Beneficios de Ultra Doceplex<\/strong><\/em><\/span><\/p>\n<p><span style=\"color: #000000;\">1. Aumento del rendimiento f\u00edsico: Con Ultra Doceplex, podr\u00e1s superar tus l\u00edmites y alcanzar tus metas deportivas. La combinaci\u00f3n de complejo B y DMG estimula la oxigenaci\u00f3n celular, lo que te brinda la energ\u00eda necesaria para rendir al m\u00e1ximo.<\/span><\/p>\n<p><span style=\"color: #000000;\">2. Reducci\u00f3n de la fatiga: Olv\u00eddate de sentirte agotado y sin energ\u00eda. Ultra Doceplex te ayudar\u00e1 a combatir la fatiga y mantener un nivel de energ\u00eda constante a lo largo del d\u00eda.<\/span><\/p>\n<p><span style=\"color: #000000;\">3. Estimulaci\u00f3n de la oxigenaci\u00f3n celular: La oxigenaci\u00f3n celular es fundamental para un \u00f3ptimo funcionamiento del organismo. Con Ultra Doceplex, estimular\u00e1s la oxigenaci\u00f3n celular, lo que mejorar\u00e1 tu salud en general.<\/span><\/p>\n<p><span style=\"color: #000000;\">4. Mejora de la s\u00edntesis de neurotransmisores: Los neurotransmisores son responsables de la comunicaci\u00f3n entre las c\u00e9lulas nerviosas. Con Ultra Doceplex, mejorar\u00e1s la s\u00edntesis de neurotransmisores, lo que te ayudar\u00e1 a disminuir el estr\u00e9s y mejorar tu estado de \u00e1nimo.<\/span><\/p>\n","protected":false},"excerpt":{"rendered":"<p><span style=\"color: #000000;\">Presentaci\u00f3n: 12 sobres de 10ml cada uno.<\/span><\/p>\n<p><span style=\"color: #000000;\">Ultra Doceplex es el complemento perfecto para aumentar tu rendimiento f\u00edsico y mental. <\/span><\/p>\n<p><span style=\"color: #000000;\">Contiene una combinaci\u00f3n \u00fanica de complejo B y Dimetiglicina (DMG), una sustancia natural derivada del amino\u00e1cido glicina. <\/span><\/p>\n<p><span style=\"color: #000000;\">Esta poderosa f\u00f3rmula te ayudar\u00e1 a reducir la fatiga, estimular la oxigenaci\u00f3n celular y mejorar la s\u00edntesis de neurotransmisores, lo que te permitir\u00e1 disminuir el estr\u00e9s y alcanzar tu m\u00e1ximo potencial.<\/span><\/p>\n<p><span style=\"color: #000000;\">\u00a1No importa en qu\u00e9 parte del mundo te encuentres, Ultra Doceplex puede llegar hasta ti! <\/span><\/p>\n<p><span style=\"color: #000000;\">Realizamos env\u00edos a Estados Unidos, Puerto Rico, Canad\u00e1, M\u00e9xico y otros pa\u00edses. <\/span><\/p>\n<p><span style=\"color: #000000;\">Todos nuestros precios est\u00e1n en d\u00f3lares americanos, para que puedas realizar tu compra de forma sencilla y segura.<\/span><\/p>\n<p><span style=\"color: #000000;\">No esperes m\u00e1s y descubre los beneficios de Ultra Doceplex. <\/span><\/p>\n<p><span style=\"color: #000000;\">\u00a1Potencia tu rendimiento f\u00edsico y mental!<\/span><\/p>\n","protected":false},"featured_media":3425,"comment_status":"open","ping_status":"closed","template":"","meta":{"_kad_post_transparent":"","_kad_post_title":"","_kad_post_layout":"","_kad_post_sidebar_id":"","_kad_post_content_style":"","_kad_post_vertical_padding":"","_kad_post_feature":"","_kad_post_feature_position":"","_kad_post_header":false,"_kad_post_footer":false},"product_brand":[],"product_cat":[242,130,245],"product_tag":[2315,1079,2316,2267,473],"class_list":{"0":"post-3423","1":"product","2":"type-product","3":"status-publish","4":"has-post-thumbnail","6":"product_cat-laboratorios-vijosa","7":"product_cat-vitaminas-neurotropas","8":"product_cat-vitaminas-y-suplementos","9":"product_tag-complemento","10":"product_tag-fatiga","11":"product_tag-rendimiento-fisico","12":"product_tag-rendimiento-mental","13":"product_tag-ultra-doceplex","15":"first","16":"instock","17":"shipping-taxable","18":"purchasable","19":"product-type-simple","20":"entry","21":"content-bg","22":"loop-entry"},"_links":{"self":[{"href":"https:\/\/vitaminaspremium.com\/index.php\/wp-json\/wp\/v2\/product\/3423","targetHints":{"allow":["GET"]}}],"collection":[{"href":"https:\/\/vitaminaspremium.com\/index.php\/wp-json\/wp\/v2\/product"}],"about":[{"href":"https:\/\/vitaminaspremium.com\/index.php\/wp-json\/wp\/v2\/types\/product"}],"replies":[{"embeddable":true,"href":"https:\/\/vitaminaspremium.com\/index.php\/wp-json\/wp\/v2\/comments?post=3423"}],"wp:featuredmedia":[{"embeddable":true,"href":"https:\/\/vitaminaspremium.com\/index.php\/wp-json\/wp\/v2\/media\/3425"}],"wp:attachment":[{"href":"https:\/\/vitaminaspremium.com\/index.php\/wp-json\/wp\/v2\/media?parent=3423"}],"wp:term":[{"taxonomy":"product_brand","embeddable":true,"href":"https:\/\/vitaminaspremium.com\/index.php\/wp-json\/wp\/v2\/product_brand?post=3423"},{"taxonomy":"product_cat","embeddable":true,"href":"https:\/\/vitaminaspremium.com\/index.php\/wp-json\/wp\/v2\/product_cat?post=3423"},{"taxonomy":"product_tag","embeddable":true,"href":"https:\/\/vitaminaspremium.com\/index.php\/wp-json\/wp\/v2\/product_tag?post=3423"}],"curies":[{"name":"wp","href":"https:\/\/api.w.org\/{rel}","templated":true}]}}