{"id":3427,"date":"2024-04-19T17:59:10","date_gmt":"2024-04-19T23:59:10","guid":{"rendered":"https:\/\/vitaminaspremium.com\/?post_type=product&#038;p=3427"},"modified":"2025-07-08T09:44:11","modified_gmt":"2025-07-08T15:44:11","slug":"neuro-campolon-energy-bebible-la-bebida-energetica-perfecta-para-tu-dia-a-dia","status":"publish","type":"product","link":"https:\/\/vitaminaspremium.com\/index.php\/producto\/neuro-campolon-energy-bebible-la-bebida-energetica-perfecta-para-tu-dia-a-dia\/","title":{"rendered":"Neuro Campolon Energy Bebible: La bebida energ\u00e9tica perfecta para tu d\u00eda a d\u00eda"},"content":{"rendered":"<p><strong><span style=\"color: #000000;\">Beneficios del Ginseng Asi\u00e1tico<\/span><\/strong><\/p>\n<p><span style=\"color: #000000;\">El Ginseng Asi\u00e1tico es conocido por sus propiedades energizantes que aumentan la resistencia y el desempe\u00f1o f\u00edsico. <\/span><\/p>\n<p><span style=\"color: #000000;\">Con Neuro Campolon Energy Bebible, puedes disfrutar de los beneficios del Ginseng Asi\u00e1tico y sentirte lleno de vitalidad.<\/span><\/p>\n<p><strong><span style=\"color: #000000;\">Beneficios del Ginseng Americano<\/span><\/strong><\/p>\n<p><span style=\"color: #000000;\">Si necesitas un impulso mental y mayor concentraci\u00f3n, el Ginseng Americano es el aliado perfecto. <\/span><\/p>\n<p><span style=\"color: #000000;\">Con Neuro Campolon Energy Bebible, puedes disfrutar de los beneficios del Ginseng Americano y reducir el estr\u00e9s para un mejor rendimiento mental.<\/span><\/p>\n<p><strong><span style=\"color: #000000;\">Beneficios del Eleutero<\/span><\/strong><\/p>\n<p><span style=\"color: #000000;\">El Eleutero es conocido por promover el bienestar general, tanto f\u00edsico como mental. <\/span><\/p>\n<p><span style=\"color: #000000;\">Con Neuro Campolon Energy Bebible, puedes disfrutar de los beneficios del Eleutero y sentirte lleno de vitalidad y energ\u00eda en tu d\u00eda a d\u00eda.<\/span><\/p>\n<p><span style=\"color: #000000;\">Neuro Campolon Energy Bebible contiene una combinaci\u00f3n \u00fanica de complejo B, ginseng americano, ginseng asi\u00e1tico, eleutero y cafe\u00edna. Esta combinaci\u00f3n poderosa te brinda la energ\u00eda necesaria para cumplir con cualquier actividad en tu vida.<\/span><\/p>\n<p><span style=\"color: #000000;\">La dosis recomendada es un (1) sobre por d\u00eda. <\/span><\/p>\n","protected":false},"excerpt":{"rendered":"<p><span style=\"color: #ff0000;\"><em><strong>\u00a1Siente la energ\u00eda en minutos con Neuro Campolon Energy Bebible!<\/strong><\/em><\/span><\/p>\n<p><span style=\"color: #000000;\">Presentamos el Neuro Campolon Energy Bebible, en presentaci\u00f3n de 12 sobres de 10ml cada uno. <\/span><\/p>\n<p><span style=\"color: #000000;\">Si necesitas un impulso de energ\u00eda para tus d\u00edas m\u00e1s agotadores, <\/span><\/p>\n<p><em><strong><span style=\"color: #000000;\">\u00a1este producto es perfecto para ti!<\/span><\/strong><\/em><\/p>\n<p><strong><span style=\"color: #000000;\"><span style=\"color: #ff0000;\">\u00a1No esperes m\u00e1s para disfrutar de la energ\u00eda que necesitas!<\/span> <\/span><\/strong><\/p>\n<p><span style=\"color: #000000;\">Neuro Campolon Energy Bebible est\u00e1 disponible a precios competitivos en d\u00f3lares americanos. <\/span><\/p>\n<p><span style=\"color: #000000;\">Realizamos env\u00edos a Estados Unidos, Puerto Rico, Canad\u00e1, M\u00e9xico y otros pa\u00edses.<\/span><\/p>\n","protected":false},"featured_media":3429,"comment_status":"open","ping_status":"closed","template":"","meta":{"_kad_post_transparent":"","_kad_post_title":"","_kad_post_layout":"","_kad_post_sidebar_id":"","_kad_post_content_style":"","_kad_post_vertical_padding":"","_kad_post_feature":"","_kad_post_feature_position":"","_kad_post_header":false,"_kad_post_footer":false},"product_brand":[],"product_cat":[1949,242,283,1933,244,130,245],"product_tag":[2317,188,247,248,2318],"class_list":{"0":"post-3427","1":"product","2":"type-product","3":"status-publish","4":"has-post-thumbnail","6":"product_cat-cafeina","7":"product_cat-laboratorios-vijosa","8":"product_cat-reanimante","9":"product_cat-revigorizante","10":"product_cat-vitaminas-bebibles","11":"product_cat-vitaminas-neurotropas","12":"product_cat-vitaminas-y-suplementos","13":"product_tag-bebida-energetica","14":"product_tag-complejo-b","15":"product_tag-eleutero","16":"product_tag-ginseng-americano","17":"product_tag-ginseng-asiatico","19":"first","20":"instock","21":"shipping-taxable","22":"purchasable","23":"product-type-simple","24":"entry","25":"content-bg","26":"loop-entry"},"_links":{"self":[{"href":"https:\/\/vitaminaspremium.com\/index.php\/wp-json\/wp\/v2\/product\/3427","targetHints":{"allow":["GET"]}}],"collection":[{"href":"https:\/\/vitaminaspremium.com\/index.php\/wp-json\/wp\/v2\/product"}],"about":[{"href":"https:\/\/vitaminaspremium.com\/index.php\/wp-json\/wp\/v2\/types\/product"}],"replies":[{"embeddable":true,"href":"https:\/\/vitaminaspremium.com\/index.php\/wp-json\/wp\/v2\/comments?post=3427"}],"wp:featuredmedia":[{"embeddable":true,"href":"https:\/\/vitaminaspremium.com\/index.php\/wp-json\/wp\/v2\/media\/3429"}],"wp:attachment":[{"href":"https:\/\/vitaminaspremium.com\/index.php\/wp-json\/wp\/v2\/media?parent=3427"}],"wp:term":[{"taxonomy":"product_brand","embeddable":true,"href":"https:\/\/vitaminaspremium.com\/index.php\/wp-json\/wp\/v2\/product_brand?post=3427"},{"taxonomy":"product_cat","embeddable":true,"href":"https:\/\/vitaminaspremium.com\/index.php\/wp-json\/wp\/v2\/product_cat?post=3427"},{"taxonomy":"product_tag","embeddable":true,"href":"https:\/\/vitaminaspremium.com\/index.php\/wp-json\/wp\/v2\/product_tag?post=3427"}],"curies":[{"name":"wp","href":"https:\/\/api.w.org\/{rel}","templated":true}]}}