{"id":3435,"date":"2024-04-22T14:06:55","date_gmt":"2024-04-22T20:06:55","guid":{"rendered":"https:\/\/vitaminaspremium.com\/?post_type=product&#038;p=3435"},"modified":"2025-07-08T09:44:12","modified_gmt":"2025-07-08T15:44:12","slug":"cloten-una-la-solucion-efectiva-para-eliminar-los-hongos-de-las-unas","status":"publish","type":"product","link":"https:\/\/vitaminaspremium.com\/index.php\/producto\/cloten-una-la-solucion-efectiva-para-eliminar-los-hongos-de-las-unas\/","title":{"rendered":"Clot\u00e9n U\u00f1a: La soluci\u00f3n efectiva para eliminar los hongos de las u\u00f1as"},"content":{"rendered":"<p><em><strong><span style=\"color: #000000;\">\u00bfC\u00f3mo se usa Clot\u00e9n U\u00f1a?<\/span><\/strong><\/em><\/p>\n<p><span style=\"color: #000000;\">\u00a0La dosis recomendada es de 1 c\u00e1psula semanal, con un intervalo de 8 d\u00edas, acompa\u00f1ada o no de las comidas.<\/span><\/p>\n<p><span style=\"color: #000000;\">El tratamiento se recomienda por un per\u00edodo de 4 meses para los hongos en las u\u00f1as de las manos, y de 6 a 12 meses para los hongos en las u\u00f1as de los pies, o hasta que la u\u00f1a crezca completamente, clara y sana.<\/span><\/p>\n<p><em><strong><span style=\"color: #000000;\">\u00bfQu\u00e9 contiene Clot\u00e9n U\u00f1a?<\/span><\/strong><\/em><\/p>\n<p><span style=\"color: #000000;\">Cada c\u00e1psula de Clot\u00e9n U\u00f1a contiene 150.00mg de fluconazol, un potente ingrediente que combate eficazmente las infecciones por hongos en las u\u00f1as.<\/span><\/p>\n<p><span style=\"color: #000000;\">Es importante tener en cuenta que Clot\u00e9n U\u00f1a no debe ser utilizado por personas con hipersensibilidad al medicamento, durante el embarazo y la lactancia, ni por aquellos que est\u00e9n tomando cisapride, ya que podr\u00eda causar cambios en el ritmo del coraz\u00f3n si se combina con Clot\u00e9n U\u00f1a.<\/span><\/p>\n<p>&nbsp;<\/p>\n","protected":false},"excerpt":{"rendered":"<p><span style=\"color: #ff0000;\"><em>Clot\u00e9n U\u00f1a viene en c\u00e1psulas, con un contenido de 4 cajitas de 1 c\u00e1psula cada caja para un mes de tratamiento.<\/em><\/span><\/p>\n<p><span style=\"color: #000000;\">\u00bfEst\u00e1s cansado de lidiar con los molestos hongos en las u\u00f1as de tus manos y pies? <\/span><\/p>\n<p><span style=\"color: #000000;\">\u00a1No te preocupes m\u00e1s! <\/span><\/p>\n<p><span style=\"color: #000000;\">Clot\u00e9n U\u00f1a es el tratamiento que necesitas para deshacerte de ellos de manera efectiva y r\u00e1pida.<\/span><\/p>\n<p><span style=\"color: #000000;\">Clot\u00e9n U\u00f1a es un poderoso tratamiento que cura todas las infecciones causadas por hongos en las u\u00f1as de manos y pies. <\/span><\/p>\n<p><span style=\"color: #000000;\">No solo eso, sino que tambi\u00e9n alivia los s\u00edntomas asociados, como cambios de coloraci\u00f3n, deformidad, mal olor y dolor en las u\u00f1as afectadas.<\/span><\/p>\n<p><span style=\"color: #000000;\">Adem\u00e1s, ofrecemos env\u00edos a Estados Unidos, Puerto Rico, Canad\u00e1, M\u00e9xico y otros pa\u00edses. <\/span><\/p>\n<p><span style=\"color: #000000;\">\u00a1No importa d\u00f3nde te encuentres, podr\u00e1s disfrutar de los beneficios de Clot\u00e9n U\u00f1a!<\/span><\/p>\n<p><span style=\"color: #000000;\">No esperes m\u00e1s para deshacerte de los molestos hongos en las u\u00f1as. <\/span><\/p>\n<p><span style=\"color: #000000;\">\u00a1Prueba Clot\u00e9n U\u00f1a y recupera la salud y la belleza de tus u\u00f1as de manos y pies!<\/span><\/p>\n<p><span style=\"color: #000000;\">Precios en d\u00f3lares americanos.<\/span><\/p>\n","protected":false},"featured_media":3437,"comment_status":"open","ping_status":"closed","template":"","meta":{"_kad_post_transparent":"","_kad_post_title":"","_kad_post_layout":"","_kad_post_sidebar_id":"","_kad_post_content_style":"","_kad_post_vertical_padding":"","_kad_post_feature":"","_kad_post_feature_position":"","_kad_post_header":false,"_kad_post_footer":false},"product_brand":[],"product_cat":[65,1869],"product_tag":[765,2325,2326,2327,2324],"class_list":{"0":"post-3435","1":"product","2":"type-product","3":"status-publish","4":"has-post-thumbnail","6":"product_cat-laboratorios-lopez","7":"product_cat-unas","8":"product_tag-cloten-una","9":"product_tag-eliminar-hongos-unas","10":"product_tag-solucion-hongos-unas","11":"product_tag-tratamiento-efectivo-hongos-unas","12":"product_tag-tratamiento-hongos-unas","14":"first","15":"instock","16":"shipping-taxable","17":"purchasable","18":"product-type-simple","19":"entry","20":"content-bg","21":"loop-entry"},"_links":{"self":[{"href":"https:\/\/vitaminaspremium.com\/index.php\/wp-json\/wp\/v2\/product\/3435","targetHints":{"allow":["GET"]}}],"collection":[{"href":"https:\/\/vitaminaspremium.com\/index.php\/wp-json\/wp\/v2\/product"}],"about":[{"href":"https:\/\/vitaminaspremium.com\/index.php\/wp-json\/wp\/v2\/types\/product"}],"replies":[{"embeddable":true,"href":"https:\/\/vitaminaspremium.com\/index.php\/wp-json\/wp\/v2\/comments?post=3435"}],"wp:featuredmedia":[{"embeddable":true,"href":"https:\/\/vitaminaspremium.com\/index.php\/wp-json\/wp\/v2\/media\/3437"}],"wp:attachment":[{"href":"https:\/\/vitaminaspremium.com\/index.php\/wp-json\/wp\/v2\/media?parent=3435"}],"wp:term":[{"taxonomy":"product_brand","embeddable":true,"href":"https:\/\/vitaminaspremium.com\/index.php\/wp-json\/wp\/v2\/product_brand?post=3435"},{"taxonomy":"product_cat","embeddable":true,"href":"https:\/\/vitaminaspremium.com\/index.php\/wp-json\/wp\/v2\/product_cat?post=3435"},{"taxonomy":"product_tag","embeddable":true,"href":"https:\/\/vitaminaspremium.com\/index.php\/wp-json\/wp\/v2\/product_tag?post=3435"}],"curies":[{"name":"wp","href":"https:\/\/api.w.org\/{rel}","templated":true}]}}