{"id":3440,"date":"2024-04-22T14:47:01","date_gmt":"2024-04-22T20:47:01","guid":{"rendered":"https:\/\/vitaminaspremium.com\/?post_type=product&#038;p=3440"},"modified":"2025-07-08T09:44:12","modified_gmt":"2025-07-08T15:44:12","slug":"sildenafil-100mg-marca-9-pm-la-revolucion-sexual-que-cambio-el-abordaje-de-los-problemas-de-ereccion","status":"publish","type":"product","link":"https:\/\/vitaminaspremium.com\/index.php\/producto\/sildenafil-100mg-marca-9-pm-la-revolucion-sexual-que-cambio-el-abordaje-de-los-problemas-de-ereccion\/","title":{"rendered":"Sildenafil 100mg Marca 9 PM: \u00abLa revoluci\u00f3n sexual que cambi\u00f3 el abordaje de los problemas de erecci\u00f3n\u00bb"},"content":{"rendered":"<p><span style=\"color: #000000;\">El descubrimiento del sildenafil para el tratamiento de los problemas de erecci\u00f3n marc\u00f3 el inicio de la 3a revoluci\u00f3n sexual, cambiando para siempre la forma en que abordamos los problemas sexuales. <\/span><\/p>\n<p><span style=\"color: #000000;\">Con nuestra caja de 25 sobres de sildenafil 100mg marca 9 PM, podr\u00e1s disfrutar nuevamente de una vida sexual plena y satisfactoria.<\/span><\/p>\n<p><strong><span style=\"color: #000000;\">\u00bfC\u00f3mo se toma?<\/span><\/strong><\/p>\n<p><span style=\"color: #000000;\">Para obtener los mejores resultados, se recomienda tomar el sildenafil aproximadamente veinticinco a sesenta minutos antes de la relaci\u00f3n sexual. Sin embargo, estudios han demostrado que el medicamento sigue siendo eficaz incluso si se toma hasta cinco o seis horas antes. <\/span><\/p>\n<p><span style=\"color: #000000;\"><strong>\u00bfPuedo tomarlo en cualquier momento del d\u00eda?<\/strong> <\/span><\/p>\n<p><span style=\"color: #000000;\">Si bien puedes tomarlo en cualquier momento, se recomienda hacerlo dos horas despu\u00e9s de comer, con el est\u00f3mago vac\u00edo. <\/span><\/p>\n<p><span style=\"color: #000000;\">Recuerda que nunca debes tomar m\u00e1s de una pastilla al d\u00eda.<\/span><\/p>\n<p><span style=\"color: #000000;\">Es importante destacar que el sildenafil solo funciona en presencia de un est\u00edmulo sexual, ya sea una caricia, un pensamiento, un beso o un encuentro sexual propiamente dicho. No provoca erecciones espont\u00e1neas.<\/span><\/p>\n<p><strong><span style=\"color: #000000;\">\u00bfCu\u00e1nto tarda en hacer efecto y cu\u00e1nto dura el efecto?<\/span><\/strong><\/p>\n<p><span style=\"color: #000000;\">Por lo general, el sildenafil comienza a hacer efecto entre treinta y sesenta minutos despu\u00e9s de su ingesta, aunque en algunos casos puede actuar incluso antes. El efecto se mantiene durante un per\u00edodo de cinco a seis horas, brind\u00e1ndote una ventana de tiempo adecuada para disfrutar de tus relaciones sexuales sin preocupaciones.<\/span><\/p>\n<p><span style=\"color: #000000;\">Es importante aclarar que el sildenafil no provoca erecciones constantes durante seis horas. M\u00e1s bien, permite que durante ese per\u00edodo se pueda desencadenar una erecci\u00f3n ante un est\u00edmulo sexual. Recuerda que cada organismo es diferente y los efectos pueden variar.<\/span><\/p>\n<p><strong><span style=\"color: #000000;\">Dosis recomendada<\/span><\/strong><\/p>\n<p><span style=\"color: #000000;\">Como tratamiento para la disfunci\u00f3n er\u00e9ctil, la dosis usualmente recomendada de sildenafil es de 100mg. No se recomienda superar esta dosis ni tomar m\u00e1s de una pastilla al d\u00eda. Lo m\u00e1s habitual es el consumo de 50-100mg, aproximadamente 30 minutos antes de las relaciones sexuales.<\/span><\/p>\n<p>&nbsp;<\/p>\n<p>&nbsp;<\/p>\n","protected":false},"excerpt":{"rendered":"<p><em><strong><span style=\"color: #ff0000;\">Precio incluye 1 caja de 25 sobres de 4 tabletas cada sobre para un total de 100 tabletas<\/span><\/strong><\/em><\/p>\n<p><span style=\"color: #000000;\">No dejes que los problemas de erecci\u00f3n afecten tu vida sexual y tu bienestar emocional. <\/span><\/p>\n<p><span style=\"color: #000000;\">Con nuestro sildenafil 100mg marca 9 PM, podr\u00e1s disfrutar nuevamente de una vida sexual plena y satisfactoria. <\/span><\/p>\n<p><span style=\"color: #000000;\">\u00a1Ordena ahora y recupera tu confianza en el dormitorio!<\/span><\/p>\n<p><span style=\"color: #000000;\">Ofrecemos env\u00edos a Estados Unidos, Puerto Rico, Canad\u00e1, M\u00e9xico y otros pa\u00edses. <\/span><\/p>\n<p><span style=\"color: #000000;\">Nuestros precios est\u00e1n expresados en d\u00f3lares americanos, brind\u00e1ndote la comodidad de adquirir el producto desde cualquier parte del mundo.<\/span><\/p>\n","protected":false},"featured_media":3442,"comment_status":"open","ping_status":"closed","template":"","meta":{"_kad_post_transparent":"","_kad_post_title":"","_kad_post_layout":"","_kad_post_sidebar_id":"","_kad_post_content_style":"","_kad_post_vertical_padding":"","_kad_post_feature":"","_kad_post_feature_position":"","_kad_post_header":false,"_kad_post_footer":false},"product_brand":[],"product_cat":[74,114,64],"product_tag":[508,2292,514,211,2328,2329],"class_list":{"0":"post-3440","1":"product","2":"type-product","3":"status-publish","4":"has-post-thumbnail","6":"product_cat-laboratorios-saimed","7":"product_cat-potenciador-sexual","8":"product_cat-tabletas","9":"product_tag-9pm-sildenafil-100mg","10":"product_tag-envios-internacionales","11":"product_tag-problemas-de-ereccion","12":"product_tag-sildenafil-100mg","13":"product_tag-tratamiento-de-la-disfuncion-erectil","14":"product_tag-vida-sexual-plena","16":"first","17":"instock","18":"shipping-taxable","19":"purchasable","20":"product-type-simple","21":"entry","22":"content-bg","23":"loop-entry"},"_links":{"self":[{"href":"https:\/\/vitaminaspremium.com\/index.php\/wp-json\/wp\/v2\/product\/3440","targetHints":{"allow":["GET"]}}],"collection":[{"href":"https:\/\/vitaminaspremium.com\/index.php\/wp-json\/wp\/v2\/product"}],"about":[{"href":"https:\/\/vitaminaspremium.com\/index.php\/wp-json\/wp\/v2\/types\/product"}],"replies":[{"embeddable":true,"href":"https:\/\/vitaminaspremium.com\/index.php\/wp-json\/wp\/v2\/comments?post=3440"}],"wp:featuredmedia":[{"embeddable":true,"href":"https:\/\/vitaminaspremium.com\/index.php\/wp-json\/wp\/v2\/media\/3442"}],"wp:attachment":[{"href":"https:\/\/vitaminaspremium.com\/index.php\/wp-json\/wp\/v2\/media?parent=3440"}],"wp:term":[{"taxonomy":"product_brand","embeddable":true,"href":"https:\/\/vitaminaspremium.com\/index.php\/wp-json\/wp\/v2\/product_brand?post=3440"},{"taxonomy":"product_cat","embeddable":true,"href":"https:\/\/vitaminaspremium.com\/index.php\/wp-json\/wp\/v2\/product_cat?post=3440"},{"taxonomy":"product_tag","embeddable":true,"href":"https:\/\/vitaminaspremium.com\/index.php\/wp-json\/wp\/v2\/product_tag?post=3440"}],"curies":[{"name":"wp","href":"https:\/\/api.w.org\/{rel}","templated":true}]}}