{"id":3457,"date":"2024-05-14T19:05:19","date_gmt":"2024-05-15T01:05:19","guid":{"rendered":"https:\/\/vitaminaspremium.com\/?post_type=product&#038;p=3457"},"modified":"2025-07-08T09:44:13","modified_gmt":"2025-07-08T15:44:13","slug":"sudagrip-av-capsulas-antiviral","status":"publish","type":"product","link":"https:\/\/vitaminaspremium.com\/index.php\/producto\/sudagrip-av-capsulas-antiviral\/","title":{"rendered":"Sudagrip AV C\u00e1psulas Antiviral"},"content":{"rendered":"<p><span style=\"color: #000000;\">Sudagrip C\u00e1psulas, e<\/span><span style=\"color: #000000;\">st\u00e1 indicado para aliviar los s\u00edntomas del catarro, resfriado y gripe en personas mayores de 12 a\u00f1os y adultos.<\/span><\/p>\n<p><span style=\"color: #000000;\">Las c\u00e1psulas de Sudagrip contienen los siguientes principios activos:<\/span><\/p>\n<ul>\n<li><span style=\"color: #000000;\">Amantadina HCl (antiviral)<\/span><\/li>\n<li><span style=\"color: #000000;\">Acetaminof\u00e9n (analg\u00e9sico)<\/span><\/li>\n<\/ul>\n<p><span style=\"color: #000000;\">Adem\u00e1s, cada c\u00e1psula contiene 50 mg de amantadina HCl y 325 mg de acetaminof\u00e9n. Tambi\u00e9n incluye fenilefrina HCl (descongestionante nasal) y clorfeniramina maleato (antihistam\u00ednico).<\/span><\/p>\n<p><span style=\"color: #000000;\">La presentaci\u00f3n de Sudagrip es en caja que contienen 100 c\u00e1psulas.<\/span><\/p>\n<p><span style=\"color: #000000;\">Es importante mantener este producto fuera del alcance de los ni\u00f1os y almacenarlo a una temperatura no mayor de 30 \u00b0C.<\/span><\/p>\n<p><span style=\"color: #000000;\">El modo de administraci\u00f3n de Sudagrip C\u00e1psulas es oral. La dosis recomendada es la siguiente:<\/span><\/p>\n<ul>\n<li><span style=\"color: #000000;\">Adultos y adolescentes mayores de 12 a\u00f1os: administrar 1 c\u00e1psula cada 6-8 horas, sin exceder de 3 g de paracetamol en 24 horas y\/o 200 mg\/d\u00eda de amantadina. La dosis m\u00e1xima de tratamiento en 24 horas es de 4 c\u00e1psulas.<\/span><\/li>\n<li><span style=\"color: #000000;\">Pacientes con insuficiencia hep\u00e1tica: no exceder de 2 g de paracetamol y el intervalo m\u00ednimo entre dosis ser\u00e1 de 8 horas.<\/span><\/li>\n<li><span style=\"color: #000000;\">Pacientes con insuficiencia renal: este medicamento no est\u00e1 indicado para esta poblaci\u00f3n debido a la dosis de paracetamol.<\/span><\/li>\n<li><span style=\"color: #000000;\">Ni\u00f1os menores de 12 a\u00f1os: no se debe administrar este medicamento, ya que no se ajusta la dosis de paracetamol para esta poblaci\u00f3n.<\/span><\/li>\n<\/ul>\n<p><span style=\"color: #000000;\">El tratamiento debe iniciarse tan pronto como sea posible dentro de las 24-48 horas posteriores al comienzo de los s\u00edntomas y continuarse hasta 24-48 horas despu\u00e9s de la desaparici\u00f3n de los mismos.<\/span><\/p>\n","protected":false},"excerpt":{"rendered":"<p><span style=\"color: #ff0000;\">Caja contiene 100 c\u00e1psulas<\/span><\/p>\n<p><span style=\"color: #000000;\"><strong><span style=\"color: #0000ff;\">Sudagrip C\u00e1psulas AV<\/span><\/strong> es un antiviral de uso oral que favorece la reducci\u00f3n de los s\u00edntomas de la gripe, al aumentar las defensas del cuerpo. <\/span><\/p>\n<p><span style=\"color: #000000;\">Est\u00e1 indicado para:<\/span><\/p>\n<ul>\n<li><span style=\"color: #000000;\">Reducir la congesti\u00f3n nasal y secreci\u00f3n nasal<\/span><\/li>\n<li><span style=\"color: #000000;\">Aliviar la picaz\u00f3n de la nariz y ojos irritados<\/span><\/li>\n<li><span style=\"color: #000000;\">Combatir el virus de la gripe<\/span><\/li>\n<li><span style=\"color: #000000;\">Reducir la fiebre y aliviar el dolor de cabeza y cuerpo<\/span><\/li>\n<\/ul>\n","protected":false},"featured_media":3465,"comment_status":"open","ping_status":"closed","template":"","meta":{"_kad_post_transparent":"","_kad_post_title":"","_kad_post_layout":"","_kad_post_sidebar_id":"","_kad_post_content_style":"","_kad_post_vertical_padding":"","_kad_post_feature":"","_kad_post_feature_position":"","_kad_post_header":false,"_kad_post_footer":false},"product_brand":[],"product_cat":[2276,309,194],"product_tag":[382,2338,2337,1487,2339,2340,673,674],"class_list":{"0":"post-3457","1":"product","2":"type-product","3":"status-publish","4":"has-post-thumbnail","6":"product_cat-antigripal","7":"product_cat-capsulas","8":"product_cat-laboratorios-paill","9":"product_tag-acetaminofen","10":"product_tag-alivio-sintomas-gripe","11":"product_tag-antiviral-oral","12":"product_tag-fenilefrina","13":"product_tag-medicamento-adultos","14":"product_tag-sudagrip-av","15":"product_tag-sudagrip-capsulas","16":"product_tag-sudagrip-capsulas-para-la-gripe","18":"first","19":"instock","20":"shipping-taxable","21":"purchasable","22":"product-type-simple","23":"entry","24":"content-bg","25":"loop-entry"},"_links":{"self":[{"href":"https:\/\/vitaminaspremium.com\/index.php\/wp-json\/wp\/v2\/product\/3457","targetHints":{"allow":["GET"]}}],"collection":[{"href":"https:\/\/vitaminaspremium.com\/index.php\/wp-json\/wp\/v2\/product"}],"about":[{"href":"https:\/\/vitaminaspremium.com\/index.php\/wp-json\/wp\/v2\/types\/product"}],"replies":[{"embeddable":true,"href":"https:\/\/vitaminaspremium.com\/index.php\/wp-json\/wp\/v2\/comments?post=3457"}],"wp:featuredmedia":[{"embeddable":true,"href":"https:\/\/vitaminaspremium.com\/index.php\/wp-json\/wp\/v2\/media\/3465"}],"wp:attachment":[{"href":"https:\/\/vitaminaspremium.com\/index.php\/wp-json\/wp\/v2\/media?parent=3457"}],"wp:term":[{"taxonomy":"product_brand","embeddable":true,"href":"https:\/\/vitaminaspremium.com\/index.php\/wp-json\/wp\/v2\/product_brand?post=3457"},{"taxonomy":"product_cat","embeddable":true,"href":"https:\/\/vitaminaspremium.com\/index.php\/wp-json\/wp\/v2\/product_cat?post=3457"},{"taxonomy":"product_tag","embeddable":true,"href":"https:\/\/vitaminaspremium.com\/index.php\/wp-json\/wp\/v2\/product_tag?post=3457"}],"curies":[{"name":"wp","href":"https:\/\/api.w.org\/{rel}","templated":true}]}}