{"id":653,"date":"2023-10-14T18:10:23","date_gmt":"2023-10-15T00:10:23","guid":{"rendered":"https:\/\/vitaminaspremium.com\/?post_type=product&#038;p=653"},"modified":"2025-10-02T21:03:39","modified_gmt":"2025-10-03T03:03:39","slug":"artribion-vitaminado-apoya-tu-movilidad-y-alivia-el-malestar-articular-cada-dia","status":"publish","type":"product","link":"https:\/\/vitaminaspremium.com\/index.php\/producto\/artribion-vitaminado-apoya-tu-movilidad-y-alivia-el-malestar-articular-cada-dia\/","title":{"rendered":"Artribion Vitaminado: Apoya tu movilidad y alivia el malestar articular cada d\u00eda"},"content":{"rendered":"<div style=\"color: black; font-family: Arial, sans-serif;\">Descubre el <strong>alivio del dolor articular<\/strong> con <strong>Artribion Vitaminado<\/strong>, ahora disponible en Vitaminas Premium, tu tienda de confianza para productos de calidad. Especialmente formulado para ayudarte en el manejo del malestar articular, Artribion Vitaminado es reconocido por su apoyo en el bienestar diario.Con cada c\u00e1psula, recibes extractos seleccionados y vitaminas cuidadosamente elegidas para fomentar el confort en tus articulaciones y m\u00fasculos, respaldando tu movilidad y rutina diaria. Perfecto para quienes buscan cuidar su salud articular y mantenerse activos.<\/p>\n<p>En <strong>Vitaminas Premium<\/strong>, creemos que tu bienestar es primero. Por eso te entregamos <strong>Salud confiable, directa a tu puerta<\/strong> \ud83d\ude9a, siempre garantizando productos aut\u00e9nticos y de primera calidad.<\/p>\n<p><strong>Elige Artribion Vitaminado<\/strong> y da el siguiente paso hacia una vida m\u00e1s llena de movimiento y comodidad. \ud83d\udcaa Tu vitalidad nos inspira cada d\u00eda.<\/p>\n<\/div>\n","protected":false},"excerpt":{"rendered":"<div style=\"color: black; font-family: Arial, sans-serif;\">Descubre <strong>Artribion Vitaminado<\/strong>, la opci\u00f3n definitiva para el <strong>alivio del dolor articular<\/strong> y bienestar cotidiano. \ud83c\udf1f Disfruta de su <strong>apoyo premium<\/strong> pensado especialmente para tu d\u00eda a d\u00eda. Siente la diferencia en cada movimiento y vive con m\u00e1s comodidad. Conf\u00eda en Vitaminas Premium para tu salud diaria.<\/p>\n<p style=\"color: red; font-weight: bold; font-style: italic; font-size: 1.1em;\">\u00a1Haz tu pedido hoy y cuida tus articulaciones con calidad premium!<\/p>\n<\/div>\n","protected":false},"featured_media":654,"comment_status":"open","ping_status":"closed","template":"","meta":{"_kad_post_transparent":"","_kad_post_title":"","_kad_post_layout":"","_kad_post_sidebar_id":"","_kad_post_content_style":"","_kad_post_vertical_padding":"","_kad_post_feature":"","_kad_post_feature_position":"","_kad_post_header":false,"_kad_post_footer":false},"product_brand":[],"product_cat":[51,53,52],"product_tag":[54,55,58,56,60,61,62,59,57,63],"class_list":{"0":"post-653","1":"product","2":"type-product","3":"status-publish","4":"has-post-thumbnail","6":"product_cat-artritis","7":"product_cat-biokemical","8":"product_cat-capsulas-de-gelatina-blanda","9":"product_tag-artribion","10":"product_tag-artritis","11":"product_tag-artritis-reumatoide","12":"product_tag-dolor","13":"product_tag-dolor-articular","14":"product_tag-inflamacion","15":"product_tag-movilidad","16":"product_tag-osteoartritis","17":"product_tag-reuma","18":"product_tag-salud-articular","20":"first","21":"instock","22":"shipping-taxable","23":"purchasable","24":"product-type-simple","25":"entry","26":"content-bg","27":"loop-entry"},"_links":{"self":[{"href":"https:\/\/vitaminaspremium.com\/index.php\/wp-json\/wp\/v2\/product\/653","targetHints":{"allow":["GET"]}}],"collection":[{"href":"https:\/\/vitaminaspremium.com\/index.php\/wp-json\/wp\/v2\/product"}],"about":[{"href":"https:\/\/vitaminaspremium.com\/index.php\/wp-json\/wp\/v2\/types\/product"}],"replies":[{"embeddable":true,"href":"https:\/\/vitaminaspremium.com\/index.php\/wp-json\/wp\/v2\/comments?post=653"}],"wp:featuredmedia":[{"embeddable":true,"href":"https:\/\/vitaminaspremium.com\/index.php\/wp-json\/wp\/v2\/media\/654"}],"wp:attachment":[{"href":"https:\/\/vitaminaspremium.com\/index.php\/wp-json\/wp\/v2\/media?parent=653"}],"wp:term":[{"taxonomy":"product_brand","embeddable":true,"href":"https:\/\/vitaminaspremium.com\/index.php\/wp-json\/wp\/v2\/product_brand?post=653"},{"taxonomy":"product_cat","embeddable":true,"href":"https:\/\/vitaminaspremium.com\/index.php\/wp-json\/wp\/v2\/product_cat?post=653"},{"taxonomy":"product_tag","embeddable":true,"href":"https:\/\/vitaminaspremium.com\/index.php\/wp-json\/wp\/v2\/product_tag?post=653"}],"curies":[{"name":"wp","href":"https:\/\/api.w.org\/{rel}","templated":true}]}}