{"id":662,"date":"2023-10-15T17:24:38","date_gmt":"2023-10-15T23:24:38","guid":{"rendered":"https:\/\/vitaminaspremium.com\/?post_type=product&#038;p=662"},"modified":"2025-10-02T21:39:59","modified_gmt":"2025-10-03T03:39:59","slug":"artrifin-vitaminado-alivio-para-el-dolor-de-las-articulaciones","status":"publish","type":"product","link":"https:\/\/vitaminaspremium.com\/index.php\/producto\/artrifin-vitaminado-alivio-para-el-dolor-de-las-articulaciones\/","title":{"rendered":"Artrifin Vitaminado &#8211; Alivio para el dolor de las articulaciones"},"content":{"rendered":"<p><strong><span style=\"font-family: 'Arial',sans-serif; color: black;\">Artrifin Vitaminado<\/span><\/strong><span style=\"font-family: 'Arial',sans-serif; color: black;\"> es la soluci\u00f3n perfecta para aliviar el dolor de las articulaciones y todo tipo de dolor. <\/span><\/p>\n<p><span style=\"font-family: 'Arial',sans-serif; color: black;\">Estas tabletas est\u00e1n especialmente formuladas con diclofenaco s\u00f3dico y vitaminas del complejo B, que trabajan en conjunto para brindar un alivio efectivo y duradero.<\/span><\/p>\n<p><em><span style=\"font-family: 'Arial',sans-serif; color: black;\">El diclofenaco s\u00f3dico<\/span><\/em><span style=\"font-family: 'Arial',sans-serif; color: black;\"> es un potente analg\u00e9sico y antiinflamatorio que act\u00faa directamente en las articulaciones, reduciendo la inflamaci\u00f3n y aliviando el dolor. <\/span><\/p>\n<p><em><span style=\"font-family: 'Arial',sans-serif; color: black;\">Las vitaminas del complejo B<\/span><\/em><span style=\"font-family: 'Arial',sans-serif; color: black;\">, por su parte, fortalecen los tejidos y promueven una mejor circulaci\u00f3n sangu\u00ednea en las articulaciones, acelerando as\u00ed el proceso de recuperaci\u00f3n.<\/span><\/p>\n<p><strong><span style=\"font-family: 'Arial',sans-serif; color: black;\">Artrifin Vitaminado<\/span><\/strong><span style=\"font-family: 'Arial',sans-serif; color: black;\"> es muy f\u00e1cil de usar. <\/span><\/p>\n<p><span style=\"font-family: 'Arial',sans-serif; color: black;\">Solo necesitas tomar una tableta al d\u00eda, preferiblemente con las comidas, para obtener los mejores resultados. <\/span><\/p>\n<p><span style=\"font-family: 'Arial',sans-serif; color: black;\">Recuerda consultar con tu m\u00e9dico antes de iniciar cualquier tratamiento, especialmente si est\u00e1s tomando otros medicamentos o tienes alguna condici\u00f3n m\u00e9dica preexistente.<\/span><\/p>\n<p><span style=\"font-family: 'Arial',sans-serif; color: black;\">No importa si vives en Estados Unidos o en cualquier otro lugar del mundo, nosotros hacemos env\u00edos internacionales para que puedas disfrutar de los beneficios de Artrifin Vitaminado sin importar d\u00f3nde te encuentres. <\/span><\/p>\n<p><span style=\"font-family: 'Arial',sans-serif; color: black;\">\u00a1Tu bienestar es nuestra prioridad!<\/span><\/p>\n","protected":false},"excerpt":{"rendered":"<p><span style=\"font-family: 'Arial',sans-serif; color: black;\">Con <strong><span style=\"font-family: 'Arial',sans-serif;\">Artrifin Vitaminado<\/span><\/strong>, puedes decir adi\u00f3s al dolor y disfrutar de una vida activa y saludable. <\/span><\/p>\n<p><span style=\"font-family: 'Arial',sans-serif; color: black;\">Cada caja contiene 80 tabletas, suficientes para un tratamiento completo. <\/span><\/p>\n<p><span style=\"font-family: 'Arial',sans-serif; color: black;\">\u00a1Y lo mejor de todo es que este producto es el original desde El Salvador!<\/span><\/p>\n","protected":false},"featured_media":665,"comment_status":"open","ping_status":"closed","template":"","meta":{"_kad_post_transparent":"","_kad_post_title":"","_kad_post_layout":"","_kad_post_sidebar_id":"","_kad_post_content_style":"","_kad_post_vertical_padding":"","_kad_post_feature":"","_kad_post_feature_position":"","_kad_post_header":false,"_kad_post_footer":false},"product_brand":[],"product_cat":[51,65,64],"product_tag":[67,66,55,70,69,68,61,71,73,72],"class_list":{"0":"post-662","1":"product","2":"type-product","3":"status-publish","4":"has-post-thumbnail","6":"product_cat-artritis","7":"product_cat-laboratorios-lopez","8":"product_cat-tabletas","9":"product_tag-alivio-del-dolor-de-las-articulaciones","10":"product_tag-artrifin","11":"product_tag-artritis","12":"product_tag-artrosis","13":"product_tag-condroitina","14":"product_tag-glucosamina","15":"product_tag-inflamacion","16":"product_tag-lesiones-articulares","17":"product_tag-liquido-sinovial","18":"product_tag-tendones","20":"first","21":"instock","22":"shipping-taxable","23":"purchasable","24":"product-type-simple","25":"entry","26":"content-bg","27":"loop-entry"},"_links":{"self":[{"href":"https:\/\/vitaminaspremium.com\/index.php\/wp-json\/wp\/v2\/product\/662","targetHints":{"allow":["GET"]}}],"collection":[{"href":"https:\/\/vitaminaspremium.com\/index.php\/wp-json\/wp\/v2\/product"}],"about":[{"href":"https:\/\/vitaminaspremium.com\/index.php\/wp-json\/wp\/v2\/types\/product"}],"replies":[{"embeddable":true,"href":"https:\/\/vitaminaspremium.com\/index.php\/wp-json\/wp\/v2\/comments?post=662"}],"wp:featuredmedia":[{"embeddable":true,"href":"https:\/\/vitaminaspremium.com\/index.php\/wp-json\/wp\/v2\/media\/665"}],"wp:attachment":[{"href":"https:\/\/vitaminaspremium.com\/index.php\/wp-json\/wp\/v2\/media?parent=662"}],"wp:term":[{"taxonomy":"product_brand","embeddable":true,"href":"https:\/\/vitaminaspremium.com\/index.php\/wp-json\/wp\/v2\/product_brand?post=662"},{"taxonomy":"product_cat","embeddable":true,"href":"https:\/\/vitaminaspremium.com\/index.php\/wp-json\/wp\/v2\/product_cat?post=662"},{"taxonomy":"product_tag","embeddable":true,"href":"https:\/\/vitaminaspremium.com\/index.php\/wp-json\/wp\/v2\/product_tag?post=662"}],"curies":[{"name":"wp","href":"https:\/\/api.w.org\/{rel}","templated":true}]}}