{"id":689,"date":"2023-10-17T21:19:17","date_gmt":"2023-10-18T03:19:17","guid":{"rendered":"https:\/\/vitaminaspremium.com\/index.php\/producto\/inyecciones-dolo-ultraestres-tri-pack-combate-eficazmente-todo-tipo-de-dolor\/"},"modified":"2026-04-30T16:42:33","modified_gmt":"2026-04-30T22:42:33","slug":"inyecciones-dolo-ultraestres-tri-pack-combate-eficazmente-todo-tipo-de-dolor","status":"publish","type":"product","link":"https:\/\/vitaminaspremium.com\/index.php\/producto\/inyecciones-dolo-ultraestres-tri-pack-combate-eficazmente-todo-tipo-de-dolor\/","title":{"rendered":"Inyecciones Dolo Ultraestres Tri Pack &#8211; Combate eficazmente todo tipo de dolor"},"content":{"rendered":"<p><span style=\"color: #000000;\">Presentamos las Inyecciones <strong>Dolo Ultraestres Tri Pack<\/strong>, una soluci\u00f3n efectiva para combatir todo tipo de dolor. Este tri pack contiene vitaminas neurotropas y diclofenaco, dos poderosos ingredientes que se combinan para brindar un alivio r\u00e1pido y duradero.<\/span><\/p>\n<p><span style=\"color: #000000;\">Nuestro cuerpo est\u00e1 expuesto a diferentes tipos de dolores, ya sea por estr\u00e9s, lesiones o enfermedades. Es importante contar con una soluci\u00f3n confiable y eficaz que nos permita llevar una vida activa y libre de molestias. Con las Inyecciones Dolo Ultraestres Tri Pack, podr\u00e1s decir adi\u00f3s al dolor y disfrutar de cada momento sin limitaciones.<\/span><\/p>\n<p><span style=\"color: #000000;\">Las vitaminas neurotropas presentes en estas inyecciones son esenciales para el buen funcionamiento del sistema nervioso. Ayudan a fortalecer los nervios y a aliviar la sensaci\u00f3n de dolor. El diclofenaco, por otro lado, es un potente antiinflamatorio y analg\u00e9sico que act\u00faa directamente sobre las causas del dolor, reduciendo la inflamaci\u00f3n y proporcionando alivio inmediato.<\/span><\/p>\n<p><span style=\"color: #000000;\">Con el uso regular de las Inyecciones <strong>Dolo Ultraestres Tri Pack<\/strong>, notar\u00e1s una mejora significativa en tu calidad de vida. Podr\u00e1s realizar tus actividades diarias sin molestias, disfrutar de un sue\u00f1o reparador y tener la energ\u00eda necesaria para enfrentar cada d\u00eda.<\/span><\/p>\n<p><span style=\"color: #000000;\">Estas inyecciones son f\u00e1ciles de usar y se administran de forma intramuscular. Recomendamos seguir las indicaciones de un profesional de la salud para obtener los mejores resultados. Adem\u00e1s, su presentaci\u00f3n en tri pack te permite tener siempre a mano la dosis necesaria para aliviar cualquier dolor que pueda surgir.<\/span><\/p>\n","protected":false},"excerpt":{"rendered":"<p><span style=\"color: #000000;\">No dejes que el dolor te detenga. <\/span><\/p>\n<p><span style=\"color: #000000;\">Con las Inyecciones <strong>Dolo Ultraestres<\/strong> Tri Pack, podr\u00e1s disfrutar de una vida plena y sin limitaciones. <\/span><\/p>\n<p><span style=\"color: #000000;\">No esperes m\u00e1s, <em>\u00a1pru\u00e9balas hoy mismo y descubre el alivio que tanto necesitas!<\/em><\/span><\/p>\n","protected":false},"featured_media":692,"comment_status":"open","ping_status":"closed","template":"","meta":{"_kad_post_transparent":"","_kad_post_title":"","_kad_post_layout":"","_kad_post_sidebar_id":"","_kad_post_content_style":"","_kad_post_vertical_padding":"","_kad_post_feature":"","_kad_post_feature_position":"","_kad_post_header":false,"_kad_post_footer":false},"product_brand":[],"product_cat":[51,53,85,86],"product_tag":[90,94,95,87,56,60,79,99,96,78,97,98,80,91,88,93,89,92],"class_list":{"0":"post-689","1":"product","2":"type-product","3":"status-publish","4":"has-post-thumbnail","6":"product_cat-artritis","7":"product_cat-biokemical","8":"product_cat-inyeccion","9":"product_cat-todo-dolor","10":"product_tag-alivio","11":"product_tag-articulaciones","12":"product_tag-cabeza","13":"product_tag-dolo-ultraestres-tri-pack","14":"product_tag-dolor","15":"product_tag-dolor-articular","16":"product_tag-dolor-de-cabeza","17":"product_tag-dolor-de-cadera","18":"product_tag-dolor-de-cuello","19":"product_tag-dolor-de-espalda","20":"product_tag-dolor-de-hombro","21":"product_tag-dolor-de-rodilla","22":"product_tag-dolor-muscular","23":"product_tag-eficaz","24":"product_tag-inyecciones","25":"product_tag-musculos","26":"product_tag-remedio","27":"product_tag-todo-tipo-de-dolor","29":"first","30":"outofstock","31":"shipping-taxable","32":"purchasable","33":"product-type-simple","34":"entry","35":"content-bg","36":"loop-entry"},"_links":{"self":[{"href":"https:\/\/vitaminaspremium.com\/index.php\/wp-json\/wp\/v2\/product\/689","targetHints":{"allow":["GET"]}}],"collection":[{"href":"https:\/\/vitaminaspremium.com\/index.php\/wp-json\/wp\/v2\/product"}],"about":[{"href":"https:\/\/vitaminaspremium.com\/index.php\/wp-json\/wp\/v2\/types\/product"}],"replies":[{"embeddable":true,"href":"https:\/\/vitaminaspremium.com\/index.php\/wp-json\/wp\/v2\/comments?post=689"}],"wp:featuredmedia":[{"embeddable":true,"href":"https:\/\/vitaminaspremium.com\/index.php\/wp-json\/wp\/v2\/media\/692"}],"wp:attachment":[{"href":"https:\/\/vitaminaspremium.com\/index.php\/wp-json\/wp\/v2\/media?parent=689"}],"wp:term":[{"taxonomy":"product_brand","embeddable":true,"href":"https:\/\/vitaminaspremium.com\/index.php\/wp-json\/wp\/v2\/product_brand?post=689"},{"taxonomy":"product_cat","embeddable":true,"href":"https:\/\/vitaminaspremium.com\/index.php\/wp-json\/wp\/v2\/product_cat?post=689"},{"taxonomy":"product_tag","embeddable":true,"href":"https:\/\/vitaminaspremium.com\/index.php\/wp-json\/wp\/v2\/product_tag?post=689"}],"curies":[{"name":"wp","href":"https:\/\/api.w.org\/{rel}","templated":true}]}}