{"id":741,"date":"2023-10-21T14:40:53","date_gmt":"2023-10-21T20:40:53","guid":{"rendered":"https:\/\/vitaminaspremium.com\/index.php\/producto\/arcis-100mg-potenciador-sexual-el-viagra-generico-que-te-hara-volar\/"},"modified":"2025-07-17T10:30:25","modified_gmt":"2025-07-17T16:30:25","slug":"arcis-100mg-potenciador-sexual-mejora-tu-vitalidad-y-bienestar-diario-con-energia-renovada-en-tu-dia-a-dia","status":"publish","type":"product","link":"https:\/\/vitaminaspremium.com\/index.php\/producto\/arcis-100mg-potenciador-sexual-mejora-tu-vitalidad-y-bienestar-diario-con-energia-renovada-en-tu-dia-a-dia\/","title":{"rendered":"ARCIS 100mg Potenciador Sexual mejora tu vitalidad y bienestar diario con energ\u00eda renovada en tu d\u00eda a d\u00eda"},"content":{"rendered":"<div style=\"color:black;font-family: Arial, sans-serif\">\n<strong>ARCIS 100mg Potenciador Sexual<\/strong> est\u00e1 dise\u00f1ado para quienes desean <strong>mejorar su vitalidad y bienestar diario<\/strong>. En Vitaminas Premium, creemos que cada d\u00eda es una oportunidad para sentirte mejor, y por eso te ofrecemos este producto que <strong>potencia tu energ\u00eda y confianza<\/strong> d\u00eda tras d\u00eda. \ud83c\udf1f<\/p>\n<p>Disfruta de un <strong>cambio notable desde la primera toma<\/strong> y recupera esa sensaci\u00f3n de bienestar gracias a una f\u00f3rmula pensada para quienes buscan resultados reales. En nuestra tienda, nos enorgullece brindarte solo <strong>productos de la m\u00e1s alta calidad<\/strong> para apoyar tu salud.<\/p>\n<p>Recuerda: Vitaminas Premium es tu mejor elecci\u00f3n porque tenemos el compromiso de una \u201c<strong>Salud confiable, directa a tu puerta<\/strong>\u201d. \ud83d\ude9a\ud83d\udcaa\n<\/div>\n","protected":false},"excerpt":{"rendered":"<div style=\"color:black;font-family: Arial, sans-serif\">\n<strong>ARCIS 100mg Potenciador Sexual<\/strong> impulsa tu <strong>vitalidad<\/strong> y bienestar cada d\u00eda. \ud83d\ude80 Aumenta tu <strong>energ\u00eda<\/strong> y <strong>confianza<\/strong> en cada toma, notando el cambio desde el primer uso. \ud83d\udcaa Disfruta la diferencia con la calidad de Vitaminas Premium y vive con m\u00e1s \u00edmpetu cada d\u00eda.<\/p>\n<p style=\"color:red;font-weight:bold;font-style:italic;font-size:1.1em\">\u00a1Potencia tu bienestar y siente el cambio hoy mismo!<\/p>\n<\/div>\n","protected":false},"featured_media":744,"comment_status":"open","ping_status":"closed","template":"","meta":{"_kad_post_transparent":"","_kad_post_title":"","_kad_post_layout":"","_kad_post_sidebar_id":"","_kad_post_content_style":"","_kad_post_vertical_padding":"","_kad_post_feature":"","_kad_post_feature_position":"","_kad_post_header":false,"_kad_post_footer":false},"product_brand":[],"product_cat":[114,113,64],"product_tag":[164,162,152,155,118,156,159,157,161,153,163,160,116,154,158,151],"class_list":{"0":"post-741","1":"product","2":"type-product","3":"status-publish","4":"has-post-thumbnail","6":"product_cat-potenciador-sexual","7":"product_cat-sildenafil","8":"product_cat-tabletas","9":"product_tag-arcis-el-placer-sexual-sin-limites","10":"product_tag-arcis-ereccion-garantizada","11":"product_tag-disfuncion-erectil","12":"product_tag-el-potenciador-sexual-que-te-hara-volar","13":"product_tag-ereccion","14":"product_tag-ereccion-duradera-y-placer-sin-limites","15":"product_tag-ereccion-potente","16":"product_tag-la-misma-potencia-al-mejor-precio","17":"product_tag-la-solucion-a-tu-disfuncion-erectil","18":"product_tag-placer","19":"product_tag-placer-asegurado","20":"product_tag-placer-sexual","21":"product_tag-potenciador-sexual","22":"product_tag-sexualidad","23":"product_tag-solucion-para-la-disfuncion-erectil","24":"product_tag-viagra-generico","26":"first","27":"instock","28":"shipping-taxable","29":"purchasable","30":"product-type-simple","31":"entry","32":"content-bg","33":"loop-entry"},"_links":{"self":[{"href":"https:\/\/vitaminaspremium.com\/index.php\/wp-json\/wp\/v2\/product\/741","targetHints":{"allow":["GET"]}}],"collection":[{"href":"https:\/\/vitaminaspremium.com\/index.php\/wp-json\/wp\/v2\/product"}],"about":[{"href":"https:\/\/vitaminaspremium.com\/index.php\/wp-json\/wp\/v2\/types\/product"}],"replies":[{"embeddable":true,"href":"https:\/\/vitaminaspremium.com\/index.php\/wp-json\/wp\/v2\/comments?post=741"}],"wp:featuredmedia":[{"embeddable":true,"href":"https:\/\/vitaminaspremium.com\/index.php\/wp-json\/wp\/v2\/media\/744"}],"wp:attachment":[{"href":"https:\/\/vitaminaspremium.com\/index.php\/wp-json\/wp\/v2\/media?parent=741"}],"wp:term":[{"taxonomy":"product_brand","embeddable":true,"href":"https:\/\/vitaminaspremium.com\/index.php\/wp-json\/wp\/v2\/product_brand?post=741"},{"taxonomy":"product_cat","embeddable":true,"href":"https:\/\/vitaminaspremium.com\/index.php\/wp-json\/wp\/v2\/product_cat?post=741"},{"taxonomy":"product_tag","embeddable":true,"href":"https:\/\/vitaminaspremium.com\/index.php\/wp-json\/wp\/v2\/product_tag?post=741"}],"curies":[{"name":"wp","href":"https:\/\/api.w.org\/{rel}","templated":true}]}}