{"id":762,"date":"2023-11-03T08:51:00","date_gmt":"2023-11-03T14:51:00","guid":{"rendered":"https:\/\/vitaminaspremium.com\/index.php\/producto\/providoce25000-ampolla-inyectable-para-el-tratamiento-del-dolor-nervioso\/"},"modified":"2025-07-19T10:30:36","modified_gmt":"2025-07-19T16:30:36","slug":"providoce-25000-3-pack-ampolla-inyectable-para-el-tratamiento-del-dolor-nervioso-alivio-eficaz-para-una-vida-sin-molestias","status":"publish","type":"product","link":"https:\/\/vitaminaspremium.com\/index.php\/producto\/providoce-25000-3-pack-ampolla-inyectable-para-el-tratamiento-del-dolor-nervioso-alivio-eficaz-para-una-vida-sin-molestias\/","title":{"rendered":"PROVIDOCE 25000 3 Pack &#8211; Ampolla Inyectable para el Tratamiento del Dolor Nervioso, alivio eficaz para una vida sin molestias"},"content":{"rendered":"<div style=\"color:black;font-family: Arial, sans-serif\">\nEn <strong>Vitaminas Premium<\/strong>, tu bienestar es nuestra prioridad. Por eso, te presentamos el <strong>PROVIDOCE 25000 3 Pack &#8211; Ampolla Inyectable para el Tratamiento del Dolor Nervioso<\/strong>, especialmente dise\u00f1ado para quienes buscan un <strong>alivio r\u00e1pido y eficaz<\/strong> en su vida diaria.<\/p>\n<p>Experimenta la diferencia con cada ampolla: su potente f\u00f3rmula inyectable est\u00e1 indicada espec\u00edficamente para el tratamiento del dolor nervioso, ayudando a mejorar tu calidad de vida y a retomar tus actividades cotidianas con mayor comodidad. Disfruta de la practicidad de su pack de 3 ampollas, pensado para brindarte un apoyo continuo en tu bienestar.<\/p>\n<p>Haz que el cuidado de tu salud sea simple, confiable y efectivo, respaldado por el compromiso de <strong>\u201cSalud confiable, directa a tu puerta.\u201d<\/strong> \ud83d\ude0a<\/p>\n<p><strong>\u00a1Elige PROVIDOCE 25000 y siente el alivio que necesitas con la experiencia y confianza de Vitaminas Premium!<\/strong>\n<\/div>\n","protected":false},"excerpt":{"rendered":"<div style=\"color:black;font-family: Arial, sans-serif\">\nAlcanza un <strong>alivio r\u00e1pido y eficaz<\/strong> del dolor nervioso con PROVIDOCE 25000 3 Pack. \ud83d\udc89 Ideado para tu <strong>bienestar diario<\/strong>, esta ampolla inyectable es tu aliado confiable. Vive con m\u00e1s confort y facilidad cada d\u00eda.<br \/>\nConf\u00eda en la <strong>calidad premium<\/strong> de nuestras vitaminas para cuidar de ti y de los tuyos.\n<\/div>\n<p style=\"color:red;font-weight:bold;font-style:italic;font-size:1.1em\">\u00a1Recibe alivio confiable directo a tu puerta, pide ahora!<\/p>\n","protected":false},"featured_media":766,"comment_status":"open","ping_status":"closed","template":"","meta":{"_kad_post_transparent":"","_kad_post_title":"","_kad_post_layout":"","_kad_post_sidebar_id":"","_kad_post_content_style":"","_kad_post_vertical_padding":"","_kad_post_feature":"","_kad_post_feature_position":"","_kad_post_header":false,"_kad_post_footer":false},"product_brand":[],"product_cat":[182,85,194,181,130],"product_tag":[187,192,188,193,184,191,185,190,189,186,183],"class_list":{"0":"post-762","1":"product","2":"type-product","3":"status-publish","4":"has-post-thumbnail","6":"product_cat-farmacia","7":"product_cat-inyeccion","8":"product_cat-laboratorios-paill","9":"product_cat-salud","10":"product_cat-vitaminas-neurotropas","11":"product_tag-187","12":"product_tag-alcoholismo","13":"product_tag-complejo-b","14":"product_tag-depresion","15":"product_tag-dolor-nervioso","16":"product_tag-herpes-zoster","17":"product_tag-inyeccion","18":"product_tag-neuralgia","19":"product_tag-neuritis","20":"product_tag-providoce-25","21":"product_tag-vitamina-b","23":"first","24":"instock","25":"shipping-taxable","26":"purchasable","27":"product-type-simple","28":"entry","29":"content-bg","30":"loop-entry"},"_links":{"self":[{"href":"https:\/\/vitaminaspremium.com\/index.php\/wp-json\/wp\/v2\/product\/762","targetHints":{"allow":["GET"]}}],"collection":[{"href":"https:\/\/vitaminaspremium.com\/index.php\/wp-json\/wp\/v2\/product"}],"about":[{"href":"https:\/\/vitaminaspremium.com\/index.php\/wp-json\/wp\/v2\/types\/product"}],"replies":[{"embeddable":true,"href":"https:\/\/vitaminaspremium.com\/index.php\/wp-json\/wp\/v2\/comments?post=762"}],"wp:featuredmedia":[{"embeddable":true,"href":"https:\/\/vitaminaspremium.com\/index.php\/wp-json\/wp\/v2\/media\/766"}],"wp:attachment":[{"href":"https:\/\/vitaminaspremium.com\/index.php\/wp-json\/wp\/v2\/media?parent=762"}],"wp:term":[{"taxonomy":"product_brand","embeddable":true,"href":"https:\/\/vitaminaspremium.com\/index.php\/wp-json\/wp\/v2\/product_brand?post=762"},{"taxonomy":"product_cat","embeddable":true,"href":"https:\/\/vitaminaspremium.com\/index.php\/wp-json\/wp\/v2\/product_cat?post=762"},{"taxonomy":"product_tag","embeddable":true,"href":"https:\/\/vitaminaspremium.com\/index.php\/wp-json\/wp\/v2\/product_tag?post=762"}],"curies":[{"name":"wp","href":"https:\/\/api.w.org\/{rel}","templated":true}]}}